{"id":32,"date":"2023-12-11T18:38:56","date_gmt":"2023-12-11T18:38:56","guid":{"rendered":"https:\/\/www.rixdal.com\/?page_id=32"},"modified":"2023-12-11T18:53:17","modified_gmt":"2023-12-11T18:53:17","slug":"productos-indufar","status":"publish","type":"page","link":"https:\/\/www.rixdal.com\/?page_id=32","title":{"rendered":"Productos Indufar"},"content":{"rendered":"<p><b><img loading=\"lazy\" decoding=\"async\" class=\" wp-image-75 alignleft\" src=\"https:\/\/www.rixdal.com\/wp-content\/uploads\/2023\/12\/indufar2.jpg\" alt=\"\" width=\"182\" height=\"96\" \/>Indufar C.I.S.A.<\/b>\u00a0es una empresa que ocupa una posici\u00f3n de privilegio en la industria farmac\u00e9utica paraguaya, realizando de manera permanente inversiones en tecnolog\u00eda con el objetivo de adecuarse a normas de buenas pr\u00e1cticas de manufactura internacionalmente aceptadas (<b>GMP-Good Manufacturing Practice<\/b>), cumpliendo con las especificaciones de las Farmacopeas de los Estados Unidos y de Gran Breta\u00f1a (<b>USP-Unites States Pharmacopeia y BP \u2013 British Pharmacopeia<\/b>), reflej\u00e1ndose esto en la alta calidad de los medicamentos para uso humano obtenidos.<\/p>\n","protected":false},"excerpt":{"rendered":"<p>Indufar C.I.S.A.\u00a0es una empresa que ocupa una posici\u00f3n de privilegio en la industria farmac\u00e9utica paraguaya, realizando de manera permanente inversiones en tecnolog\u00eda con el objetivo de adecuarse a normas de buenas pr\u00e1cticas de manufactura internacionalmente aceptadas (GMP-Good Manufacturing Practice), cumpliendo con las especificaciones de las Farmacopeas de los Estados Unidos y de Gran Breta\u00f1a (USP-Unites&hellip; <br \/> <a class=\"read-more\" href=\"https:\/\/www.rixdal.com\/?page_id=32\">Leer m\u00e1s<\/a><\/p>\n","protected":false},"author":2,"featured_media":0,"parent":0,"menu_order":2,"comment_status":"closed","ping_status":"closed","template":"","meta":{"footnotes":""},"class_list":["post-32","page","type-page","status-publish","hentry"],"_links":{"self":[{"href":"https:\/\/www.rixdal.com\/index.php?rest_route=\/wp\/v2\/pages\/32","targetHints":{"allow":["GET"]}}],"collection":[{"href":"https:\/\/www.rixdal.com\/index.php?rest_route=\/wp\/v2\/pages"}],"about":[{"href":"https:\/\/www.rixdal.com\/index.php?rest_route=\/wp\/v2\/types\/page"}],"author":[{"embeddable":true,"href":"https:\/\/www.rixdal.com\/index.php?rest_route=\/wp\/v2\/users\/2"}],"replies":[{"embeddable":true,"href":"https:\/\/www.rixdal.com\/index.php?rest_route=%2Fwp%2Fv2%2Fcomments&post=32"}],"version-history":[{"count":2,"href":"https:\/\/www.rixdal.com\/index.php?rest_route=\/wp\/v2\/pages\/32\/revisions"}],"predecessor-version":[{"id":76,"href":"https:\/\/www.rixdal.com\/index.php?rest_route=\/wp\/v2\/pages\/32\/revisions\/76"}],"wp:attachment":[{"href":"https:\/\/www.rixdal.com\/index.php?rest_route=%2Fwp%2Fv2%2Fmedia&parent=32"}],"curies":[{"name":"wp","href":"https:\/\/api.w.org\/{rel}","templated":true}]}}