{"id":34,"date":"2023-12-11T18:39:16","date_gmt":"2023-12-11T18:39:16","guid":{"rendered":"https:\/\/www.rixdal.com\/?page_id=34"},"modified":"2023-12-11T18:54:31","modified_gmt":"2023-12-11T18:54:31","slug":"productos-klonal","status":"publish","type":"page","link":"https:\/\/www.rixdal.com\/?page_id=34","title":{"rendered":"Productos Klonal"},"content":{"rendered":"<p><img loading=\"lazy\" decoding=\"async\" class=\"wp-image-81 alignleft\" src=\"https:\/\/www.rixdal.com\/wp-content\/uploads\/2023\/12\/klonal1.jpg\" alt=\"\" width=\"188\" height=\"99\" \/><\/p>\n<p>Con m\u00e1s de 30 a\u00f1os en el Mercado Farmac\u00e9utico Argentino Laboratorios Klonal, capitaliza hoy una valiosa experiencia empresarial y profesional.<\/p>\n<p>Su excelente trayectoria lograda a partir de una constante y sostenida inversi\u00f3n, ayud\u00f3 a Laboratorios Klonal a alcanzar el liderazgo actual en el abastecimiento a sanatorios, cl\u00ednicas, hospitales y farmacias, ofreciendo medicamentos en sus distintas formas farmac\u00e9uticas: inyectables, s\u00f3lidos orales, jarabes, gotas, polvos para suspensi\u00f3n oral, \u00f3vulos y soluciones oft\u00e1lmicas.<\/p>\n<p>Contamos con un equipo multidisciplinario dotado de m\u00e1s de 250 personas trabajando d\u00eda a d\u00eda para fortalecer nuestros valores fundacionales: compromiso, inversi\u00f3n, creatividad, investigaci\u00f3n, control de calidad, tecnolog\u00eda y potencial humano.<\/p>\n<p>Nuestros medicamentos son elaborados dentro de un sistema integral de calidad, conservando as\u00ed su identidad, potencia, y pureza.<\/p>\n<p>El constante crecimiento, se ve reflejado en lanzamientos de novedosos productos, como as\u00ed tambi\u00e9n en el desarrollo de f\u00e1rmacos adecuados para alcanzar y mantener un grado de Salud \u00f3ptimo.<\/p>\n","protected":false},"excerpt":{"rendered":"<p>Con m\u00e1s de 30 a\u00f1os en el Mercado Farmac\u00e9utico Argentino Laboratorios Klonal, capitaliza hoy una valiosa experiencia empresarial y profesional. Su excelente trayectoria lograda a partir de una constante y sostenida inversi\u00f3n, ayud\u00f3 a Laboratorios Klonal a alcanzar el liderazgo actual en el abastecimiento a sanatorios, cl\u00ednicas, hospitales y farmacias, ofreciendo medicamentos en sus distintas&hellip; <br \/> <a class=\"read-more\" href=\"https:\/\/www.rixdal.com\/?page_id=34\">Leer m\u00e1s<\/a><\/p>\n","protected":false},"author":2,"featured_media":0,"parent":0,"menu_order":3,"comment_status":"closed","ping_status":"closed","template":"","meta":{"footnotes":""},"class_list":["post-34","page","type-page","status-publish","hentry"],"_links":{"self":[{"href":"https:\/\/www.rixdal.com\/index.php?rest_route=\/wp\/v2\/pages\/34","targetHints":{"allow":["GET"]}}],"collection":[{"href":"https:\/\/www.rixdal.com\/index.php?rest_route=\/wp\/v2\/pages"}],"about":[{"href":"https:\/\/www.rixdal.com\/index.php?rest_route=\/wp\/v2\/types\/page"}],"author":[{"embeddable":true,"href":"https:\/\/www.rixdal.com\/index.php?rest_route=\/wp\/v2\/users\/2"}],"replies":[{"embeddable":true,"href":"https:\/\/www.rixdal.com\/index.php?rest_route=%2Fwp%2Fv2%2Fcomments&post=34"}],"version-history":[{"count":2,"href":"https:\/\/www.rixdal.com\/index.php?rest_route=\/wp\/v2\/pages\/34\/revisions"}],"predecessor-version":[{"id":82,"href":"https:\/\/www.rixdal.com\/index.php?rest_route=\/wp\/v2\/pages\/34\/revisions\/82"}],"wp:attachment":[{"href":"https:\/\/www.rixdal.com\/index.php?rest_route=%2Fwp%2Fv2%2Fmedia&parent=34"}],"curies":[{"name":"wp","href":"https:\/\/api.w.org\/{rel}","templated":true}]}}