{"id":36,"date":"2023-12-11T18:39:42","date_gmt":"2023-12-11T18:39:42","guid":{"rendered":"https:\/\/www.rixdal.com\/?page_id=36"},"modified":"2023-12-11T18:56:09","modified_gmt":"2023-12-11T18:56:09","slug":"productos-permatec","status":"publish","type":"page","link":"https:\/\/www.rixdal.com\/?page_id=36","title":{"rendered":"Productos Permatec"},"content":{"rendered":"<p><img loading=\"lazy\" decoding=\"async\" class=\"wp-image-83 alignleft\" src=\"https:\/\/www.rixdal.com\/wp-content\/uploads\/2023\/12\/permatec1.jpg\" alt=\"\" width=\"179\" height=\"94\" \/><br \/>\nSomos una empresa netamente Argentina que elaboramos medicamentos con tecnolog\u00eda de avanzada y calidad internacional, respetando el medio ambiente Comprometido con la investigaci\u00f3n en el desarrollo de productos farmac\u00e9uticos con calidad internacional.<\/p>\n","protected":false},"excerpt":{"rendered":"<p>Somos una empresa netamente Argentina que elaboramos medicamentos con tecnolog\u00eda de avanzada y calidad internacional, respetando el medio ambiente Comprometido con la investigaci\u00f3n en el desarrollo de productos farmac\u00e9uticos con calidad internacional.<\/p>\n","protected":false},"author":2,"featured_media":0,"parent":0,"menu_order":3,"comment_status":"closed","ping_status":"closed","template":"","meta":{"footnotes":""},"class_list":["post-36","page","type-page","status-publish","hentry"],"_links":{"self":[{"href":"https:\/\/www.rixdal.com\/index.php?rest_route=\/wp\/v2\/pages\/36","targetHints":{"allow":["GET"]}}],"collection":[{"href":"https:\/\/www.rixdal.com\/index.php?rest_route=\/wp\/v2\/pages"}],"about":[{"href":"https:\/\/www.rixdal.com\/index.php?rest_route=\/wp\/v2\/types\/page"}],"author":[{"embeddable":true,"href":"https:\/\/www.rixdal.com\/index.php?rest_route=\/wp\/v2\/users\/2"}],"replies":[{"embeddable":true,"href":"https:\/\/www.rixdal.com\/index.php?rest_route=%2Fwp%2Fv2%2Fcomments&post=36"}],"version-history":[{"count":2,"href":"https:\/\/www.rixdal.com\/index.php?rest_route=\/wp\/v2\/pages\/36\/revisions"}],"predecessor-version":[{"id":84,"href":"https:\/\/www.rixdal.com\/index.php?rest_route=\/wp\/v2\/pages\/36\/revisions\/84"}],"wp:attachment":[{"href":"https:\/\/www.rixdal.com\/index.php?rest_route=%2Fwp%2Fv2%2Fmedia&parent=36"}],"curies":[{"name":"wp","href":"https:\/\/api.w.org\/{rel}","templated":true}]}}