{"id":40,"date":"2023-12-11T18:40:59","date_gmt":"2023-12-11T18:40:59","guid":{"rendered":"https:\/\/www.rixdal.com\/?page_id=40"},"modified":"2023-12-11T22:05:27","modified_gmt":"2023-12-11T22:05:27","slug":"accord","status":"publish","type":"page","link":"https:\/\/www.rixdal.com\/?page_id=40","title":{"rendered":"ACCORD"},"content":{"rendered":"<p><img loading=\"lazy\" decoding=\"async\" class=\"size-full wp-image-102 alignleft\" src=\"https:\/\/www.rixdal.com\/wp-content\/uploads\/2023\/12\/accord.jpg\" alt=\"\" width=\"300\" height=\"183\" \/><\/p>\n<p><strong>LOSART\u00c1N POT\u00c1SICO 50 mg<\/strong><\/p>\n<p>Comprimidos Recubiertos<br \/>\nV\u00eda de Administraci\u00f3n: Oral<\/p>\n<p>&nbsp;<\/p>\n<p>&nbsp;<\/p>\n<p>&nbsp;<\/p>\n<p>&nbsp;<\/p>\n<p>F\u00d3RMULA<\/p>\n<p>Cada comprimido recubierto de ACCORD contiene:<\/p>\n<p>Losart\u00e1n Pot\u00e1sico&#8230;&#8230;&#8230;&#8230;&#8230;&#8230;&#8230;&#8230;&#8230;&#8230;&#8230;&#8230;&#8230;&#8230;&#8230;&#8230;&#8230;&#8230;&#8230;&#8230;&#8230;&#8230;&#8230;&#8230;&#8230;&#8230;&#8230;&#8230;&#8230;..50 mg<br \/>\nExcipientes&#8230;&#8230;&#8230;&#8230;&#8230;&#8230;&#8230;&#8230;&#8230;&#8230;&#8230;&#8230;&#8230;&#8230;&#8230;&#8230;&#8230;&#8230;&#8230;&#8230;&#8230;&#8230;&#8230;&#8230;&#8230;&#8230;&#8230;&#8230;&#8230;&#8230;&#8230;&#8230;&#8230;&#8230;&#8230;..c.s.<br \/>\nJustificaci\u00f3n<br \/>\nAccord comprimidos revestidos presenta en su formulaci\u00f3n el Losart\u00e1n pot\u00e1sico la cual posee una acci\u00f3n antihipertensiva.<\/p>\n<p>&nbsp;<\/p>\n<p><strong>Farmacodinamia<\/strong><\/p>\n<p>Mecanismo de acci\u00f3n<\/p>\n<p>El Losart\u00e1n pertenece a una nueva generaci\u00f3n de f\u00e1rmacos antihipertensivos conocidos como \u00abantagonistas de la Angiotensina II\u00bb. Es una sustancia sint\u00e9tica, no pept\u00eddica que bloquea selectivamente a los receptores AT1 de la Angiotensina IIlocalizados preferentemente en el m\u00fasculo liso vascular y otras estructuras como: miocardio, ri\u00f1\u00f3n, cerebro, suprarrenal.<\/p>\n<p>La Angiotensina II es una hormona perteneciente al sistema renina-angiotensina formada a partir de la Angiotensina I en una reacci\u00f3n catalizada por la Enzima Convertidora de Angiotensina (ECA) que tiene actividad vasoconstrictora, y que a su vez, estimula la secreci\u00f3n de Aldosterona por la corteza adrenal, estas acciones son ejercidas a trav\u00e9s de la estimulaci\u00f3n de los receptores AT1. Existe otro tipo de receptor AT2, sin aparente influencia en el control de la regulaci\u00f3n cardiovascular. Losart\u00e1n y su metabolito activo derivado del \u00e1cido 5-carbox\u00edlico son inhibidores competitivos y no competitivos respectivamente (bloqueantes) del receptor AT1, no inhiben a la ECA ni tampoco antagonizan los efectos de la vasopresina, catecolamina, serotonina, bradiquinina o histamina.<\/p>\n<p><strong>Farmacocin\u00e9tica<\/strong><\/p>\n<p>Absorci\u00f3n<\/p>\n<p>Luego de su administraci\u00f3n oral, este derivado imidaz\u00f3lico bencilsustituido se absorbe con rapidez. La absorci\u00f3n digestiva del f\u00e1rmaco no es afectada por la presencia de alimentos en el est\u00f3mago.<\/p>\n<p>Uni\u00f3n a prote\u00ednas<br \/>\nLa vida media plasm\u00e1tica es de 2-3 horas para el Losart\u00e1n, y de 6-9 horas para el metabolito activo. La proporci\u00f3n que se une a las prote\u00ednas plasm\u00e1ticas es del 99%.<\/p>\n<p><strong>Biotransformaci\u00f3n<\/strong><\/p>\n<p>Sufre una biotransformaci\u00f3n hep\u00e1tica (efecto de primer paso) que reduce significativamente su biodisponibilidad a un 33%. La farmacocin\u00e9tica del Losart\u00e1n y de su metabolito activo es lineal con dosis orales de hasta 200 mg y no var\u00eda con el tiempo.<\/p>\n<p><strong>Excreci\u00f3n<\/strong><\/p>\n<p>El 35 % se elimina por orina y un 58 % por heces. Un porcentaje se elimina por orina (4 %) sin modificarse y otro porcentaje (6 %) como metabolito activo.<\/p>\n<p><strong>Indicaciones terap\u00e9uticas<\/strong><\/p>\n<p>Hipertensi\u00f3n arterial esencial leve a moderada como monodroga o en combinaci\u00f3n con diur\u00e9ticos. Hipertensi\u00f3n secundaria. Insuficiencia card\u00edaca congestiva.<\/p>\n<p><strong>Contraindicaciones<\/strong><\/p>\n<p>Embarazo, lactancia, ni\u00f1os, hipotensi\u00f3n, pacientes con depleci\u00f3n de volumen.<\/p>\n<p><strong>Precauciones<\/strong><\/p>\n<p>Se deber\u00e1 utilizar con precauci\u00f3n en pacientes con insuficiencia hep\u00e1tica,insuficiencia renal, estenosis de la arteria renal, hipersensibilidad a la droga. En\u00a0pacientes sometidos a cirug\u00eda mayor o durante la anestesia tratados con\u00a0antihipertensivos capaces de bloquear los receptores de Angiotensina II pueden\u00a0producir hipotensi\u00f3n al bloquear la Angiotensina II formada como respuesta a la\u00a0liberaci\u00f3n compensadora de renina. En pacientes a\u00f1osos controlar peri\u00f3dicamente la\u00a0potasemia. Utilizar con precauci\u00f3n en la insuficiencia card\u00edaca, depleci\u00f3n de volumen, deshidratados, dietas hipos\u00f3dicas estrictas, uso de diur\u00e9ticos, pues el Losart\u00e1n puede empeorar la hipotensi\u00f3n.<\/p>\n<p>Interacciones con f\u00e1rmacos<\/p>\n<p><strong>Interacciones f\u00e1rmaco \u2013 f\u00e1rmaco<\/strong><\/p>\n<p>Paracetamol: No se recomienda el uso prolongado y simult\u00e1neo de Paracetamol con \u00c1cido Acetil Salic\u00edlico debido a que la administraci\u00f3n cr\u00f3nica de dosis elevadas de analg\u00e9sicos combinados aumenta significativamente el riesgo de nefropat\u00eda analg\u00e9sica, necrosis papilar renal, enfermedad renal terminal y c\u00e1ncer del ri\u00f1\u00f3n o de la vejiga urinaria.<\/p>\n<p>Corticosteroides glucocorticoides o corticotropina: Los glucocorticoides y la corticotropina pueden aumentar la excreci\u00f3n de \u00c1cido Acetil Salic\u00edlico, lo cual reduce las concentraciones plasma y exige dosis mayores de este. Cuando posteriormente la dosificaci\u00f3n de glucocorticoide o corticotropina, se disminuye o se interrumpe, puede producirse salicilismo, en pacientes que reciben \u00c1cido Acetil Salic\u00edlico en grandes dosis.<\/p>\n<p>Acidificantes urinarios (cloruro de amonio, \u00e1cido asc\u00f3rbico, fosfato s\u00f3dico): La acidificaci\u00f3n de la orina producida por estos medicamentos disminuye la excreci\u00f3n de \u00c1cido Acetilsalic\u00edlico, haciendo que aumenten sus concentraciones en plasma.<\/p>\n<p>Hipoglucemiantes orales o insulina: Las dosis elevadas de \u00c1cido Acetilsalic\u00edlico puede potenciar los efectos de estos medicamentos.<\/p>\n<p>Anticonvulsivos del grupo hidantoina: El \u00c1cido Acetil Salic\u00edlico puede disminuir el metabolismo de la hidantoina, aumentando su concentraci\u00f3n plasm\u00e1tica.<\/p>\n<p>Furosemida: adem\u00e1s de aumentar el riesgo de toxicidad, el uso simult\u00e1neo de Furosemida con dosis elevadas de \u00c1cido Acetil Salic\u00edlico puede dar lugar a toxicidad por salicilatos debido a la competici\u00f3n por los lugares de excreciones renales.<\/p>\n<p><strong>Interacciones f\u00e1rmaco \u2013 alimento<\/strong><\/p>\n<p>El uso concomitante del Losart\u00e1n con diur\u00e9ticos ahorradores de Potasio o suplementos de Potasio pueden ocasionar un aumento de los niveles plasm\u00e1ticos de Potasio. El Ketoconazol puede inhibir la formaci\u00f3n del metabolito activo. No existe interacci\u00f3n con Cimetidina, betabloqueantes o calcioantagonistas. La combinaci\u00f3n con Hidroclorotiazida potencia la respuesta antihipertensiva. La hemodi\u00e1lisis no sirve para eliminar el Losart\u00e1n y su metabolito activo. Otros pueden alterar su acci\u00f3n: alcohol, barbit\u00faricos, antidiab\u00e9ticos, corticoides antiinflamatorios.<\/p>\n<p><strong>Reacciones adversas<\/strong><\/p>\n<p>Generalmente son bien tolerados, pero ocasionalmente (&lt;1%) puede presentar mareos, exantema cut\u00e1neo, hipotensi\u00f3n ortost\u00e1tica, cefalalgia, molestias gastrointestinales, calambres, mialgias, congesti\u00f3n nasal, hipotensi\u00f3n arterial, hiperpotasemia. A diferencia de lo que ocurre con los inhibidores de la ECA, la incidencia de tos seca y angioedema es menor (3% vs 10%).<\/p>\n<p><strong>Dependencia<\/strong><\/p>\n<p>No se tienen referencias de que la droga produzca dependencia en los pacientes tratados con la misma.<\/p>\n<p><strong>Posolog\u00eda<\/strong><\/p>\n<p>A criterio del m\u00e9dico. Dosis media aconsejada es de 50-100 mg en una sola toma diaria.<br \/>\nEsta dosificaci\u00f3n muestra una eficacia tanto m\u00ednima como m\u00e1xima, debida a que, a menor dosis es ineficaz y a dosis mayores no son m\u00e1s \u00fatiles. En algunos pacientes mayores de 75 a\u00f1os o con deterioro de la funci\u00f3n renal o hep\u00e1tica se aconseja iniciar el tratamiento con\u00a025 mg. Otros pacientes obtienen respuesta antihipertensiva m\u00e1s uniforme si son tratados con 25 mg dos veces al d\u00eda. En individuos hipertensos que no responden a la dosis habitual,\u00a0se puede llegar hasta 100 mg\/d\u00eda, seg\u00fan la respuesta de la presi\u00f3n arterial.<\/p>\n<p><strong>Sobredosis<\/strong><\/p>\n<p>Hipotensi\u00f3n, taquicardia, mareos, congesti\u00f3n nasal.<\/p>\n<p><strong>Tratamiento<\/strong><\/p>\n<p>El tratamiento en general es sintom\u00e1tico y de mantenimiento. Controlar el ritmo cardiaco, administrar vasopresores para tratar la hipotensi\u00f3n.<\/p>\n","protected":false},"excerpt":{"rendered":"<p>LOSART\u00c1N POT\u00c1SICO 50 mg Comprimidos Recubiertos V\u00eda de Administraci\u00f3n: Oral &nbsp; &nbsp; &nbsp; &nbsp; F\u00d3RMULA Cada comprimido recubierto de ACCORD contiene: Losart\u00e1n Pot\u00e1sico&#8230;&#8230;&#8230;&#8230;&#8230;&#8230;&#8230;&#8230;&#8230;&#8230;&#8230;&#8230;&#8230;&#8230;&#8230;&#8230;&#8230;&#8230;&#8230;&#8230;&#8230;&#8230;&#8230;&#8230;&#8230;&#8230;&#8230;&#8230;&#8230;..50 mg Excipientes&#8230;&#8230;&#8230;&#8230;&#8230;&#8230;&#8230;&#8230;&#8230;&#8230;&#8230;&#8230;&#8230;&#8230;&#8230;&#8230;&#8230;&#8230;&#8230;&#8230;&#8230;&#8230;&#8230;&#8230;&#8230;&#8230;&#8230;&#8230;&#8230;&#8230;&#8230;&#8230;&#8230;&#8230;&#8230;..c.s. Justificaci\u00f3n Accord comprimidos revestidos presenta en su formulaci\u00f3n el Losart\u00e1n pot\u00e1sico la cual posee una acci\u00f3n antihipertensiva. &nbsp; Farmacodinamia Mecanismo de acci\u00f3n El Losart\u00e1n pertenece a una nueva generaci\u00f3n de&hellip; <br \/> <a class=\"read-more\" href=\"https:\/\/www.rixdal.com\/?page_id=40\">Leer m\u00e1s<\/a><\/p>\n","protected":false},"author":2,"featured_media":0,"parent":32,"menu_order":0,"comment_status":"closed","ping_status":"closed","template":"","meta":{"footnotes":""},"class_list":["post-40","page","type-page","status-publish","hentry"],"_links":{"self":[{"href":"https:\/\/www.rixdal.com\/index.php?rest_route=\/wp\/v2\/pages\/40","targetHints":{"allow":["GET"]}}],"collection":[{"href":"https:\/\/www.rixdal.com\/index.php?rest_route=\/wp\/v2\/pages"}],"about":[{"href":"https:\/\/www.rixdal.com\/index.php?rest_route=\/wp\/v2\/types\/page"}],"author":[{"embeddable":true,"href":"https:\/\/www.rixdal.com\/index.php?rest_route=\/wp\/v2\/users\/2"}],"replies":[{"embeddable":true,"href":"https:\/\/www.rixdal.com\/index.php?rest_route=%2Fwp%2Fv2%2Fcomments&post=40"}],"version-history":[{"count":5,"href":"https:\/\/www.rixdal.com\/index.php?rest_route=\/wp\/v2\/pages\/40\/revisions"}],"predecessor-version":[{"id":106,"href":"https:\/\/www.rixdal.com\/index.php?rest_route=\/wp\/v2\/pages\/40\/revisions\/106"}],"up":[{"embeddable":true,"href":"https:\/\/www.rixdal.com\/index.php?rest_route=\/wp\/v2\/pages\/32"}],"wp:attachment":[{"href":"https:\/\/www.rixdal.com\/index.php?rest_route=%2Fwp%2Fv2%2Fmedia&parent=40"}],"curies":[{"name":"wp","href":"https:\/\/api.w.org\/{rel}","templated":true}]}}