{"id":42,"date":"2023-12-11T18:41:20","date_gmt":"2023-12-11T18:41:20","guid":{"rendered":"https:\/\/www.rixdal.com\/?page_id=42"},"modified":"2023-12-11T22:11:19","modified_gmt":"2023-12-11T22:11:19","slug":"ardilan-comprimidos","status":"publish","type":"page","link":"https:\/\/www.rixdal.com\/?page_id=42","title":{"rendered":"ARDILAN COMPRIMIDOS"},"content":{"rendered":"<p><b><img loading=\"lazy\" decoding=\"async\" class=\"size-full wp-image-108 alignleft\" src=\"https:\/\/www.rixdal.com\/wp-content\/uploads\/2023\/12\/foto-ardilan-comprimidos.png\" alt=\"\" width=\"245\" height=\"200\" \/>ARDILAN<\/b><\/p>\n<p><b>ENALAPRIL MALEATO 10-20 mg<br \/>\n<\/b>Comprimidos<br \/>\nPARA EL TRATAMIENTO DE LA HIPERTENSION ARTERIAL EN TODOS SUS GRADOS<br \/>\nINSUFICIENCIA CARDIACA CONGESTIVA<br \/>\nV\u00eda de Administraci\u00f3n: Oral<\/p>\n<p>&nbsp;<\/p>\n<p>&nbsp;<\/p>\n<p>&nbsp;<\/p>\n<p><b>F\u00d3RMULA<\/b><\/p>\n<p>Cada comprimido de ARDILAN 10 mg contiene:<\/p>\n<p>Enalapril maleato&#8230;&#8230;&#8230;&#8230;&#8230;&#8230;&#8230;&#8230;&#8230;&#8230;&#8230;&#8230;&#8230;&#8230;&#8230;&#8230;&#8230;&#8230;&#8230;&#8230;&#8230;&#8230;&#8230;&#8230;&#8230;&#8230;&#8230;&#8230;&#8230;..10 mg<\/p>\n<p>Excipientes&#8230;&#8230;&#8230;&#8230;&#8230;&#8230;&#8230;&#8230;&#8230;&#8230;&#8230;&#8230;&#8230;&#8230;&#8230;&#8230;&#8230;&#8230;&#8230;&#8230;&#8230;&#8230;&#8230;&#8230;&#8230;&#8230;&#8230;&#8230;&#8230;&#8230;&#8230;&#8230;&#8230;&#8230;&#8230;..c.s.<\/p>\n<p>Cada comprimido de ARDILAN 20 mg contiene:<\/p>\n<p>Enalapril maleato&#8230;&#8230;&#8230;&#8230;&#8230;&#8230;&#8230;&#8230;&#8230;&#8230;&#8230;&#8230;&#8230;&#8230;&#8230;&#8230;&#8230;&#8230;&#8230;&#8230;&#8230;&#8230;&#8230;&#8230;&#8230;&#8230;&#8230;&#8230;&#8230;..20 mg<\/p>\n<p>Excipientes&#8230;&#8230;&#8230;&#8230;&#8230;&#8230;&#8230;&#8230;&#8230;&#8230;&#8230;&#8230;&#8230;&#8230;&#8230;&#8230;&#8230;&#8230;&#8230;&#8230;&#8230;&#8230;&#8230;&#8230;&#8230;&#8230;&#8230;&#8230;&#8230;&#8230;&#8230;&#8230;&#8230;&#8230;&#8230;.c.s.<\/p>\n<p><b>ACCION TERAPEUTICA<\/b><\/p>\n<p>ARDILAN es un concepto totalmente nuevo en el tratamiento de la hipertensi\u00f3n y la insuficiencia cardiaca congestiva. ARDILAN inhibe la enzima\u00a0convertidora de la Angiotensina, actuando sobre el sistema\u00a0Renina-Angiotensina-Aldosterona, logrando as\u00ed anular el efecto\u00a0vasoconstrictor de la Angiotensina II y el efecto vasoconstrictor de la\u00a0Aldosterona, constituy\u00e9ndose en un positivo tratamiento de todas las\u00a0formas de hipertensi\u00f3n renovascular y de la insuficiencia cardiaca\u00a0congestiva.<\/p>\n<p><b>INDICACIONES<\/b><\/p>\n<p>ARDILAN, est\u00e1 indicado en todos los grados de hipertensi\u00f3n arterial esencial, hipertensi\u00f3n renovascular e insuficiencia card\u00edaca congestiva.<\/p>\n<p><b>POSOLOG\u00cdA<\/b><\/p>\n<p><b>Hipertensi\u00f3n leve<\/b>: 1 comprimido de 10 mg al d\u00eda.<br \/>\n<b>Hipertensi\u00f3n moderada<\/b>: 1 comprimido de 20 mg al d\u00eda.<br \/>\n<b>\u00c7Hipertensi\u00f3n grave<\/b>: 2 comprimidos de 20 mg al d\u00eda.<br \/>\n<b>Insuficiencia cardiaca congestiva<\/b>: 1 comprimido de 5 mg hasta 1 comprimido de 20 mg al d\u00eda.<br \/>\n<b>Hipertensi\u00f3n reno-vascular<\/b>: inicio: \u00bd comprimido de 5 mg o 1 comprimido de\u00a0 5 mg. Una vez ajustada la posolog\u00eda de acuerdo a las necesidades del\u00a0enfermo (\u00e9ste ajuste se hace teniendo en cuenta que la funci\u00f3n renal\u00a0y la presi\u00f3n arterial de estos enfermos pueden ser muy sensibles a la\u00a0inhibici\u00f3n de la ECA.<\/p>\n<p><b>ACCIONES COLATERALES Y SECUNDARIAS<\/b><\/p>\n<p>El producto es muy bien tolerado y en casos muy aislados se han presentado reacciones al\u00e9rgicas, cut\u00e1neas o edema angioneur\u00f3tico.<br \/>\nA veces tambi\u00e9n pueden aparecer: asten\u00eda, mareos, cefaleas, n\u00e1useas,\u00a0hipotensi\u00f3n o hipotensi\u00f3n ortost\u00e1tica.<\/p>\n<p><b>PRECAUCIONES<\/b><\/p>\n<p>Aquellos pacientes que han perdido potasio, con dosis m\u00ednimas de Enalapril pueden presentar hipotensi\u00f3n ortost\u00e1tica.<br \/>\nEsta eventualidad puede ser mayor en pacientes con insuficiencia\u00a0cardiaca, en donde es frecuente la disminuci\u00f3n de los reservorios o \u201cpool\u201d\u00a0de sodio por tratamientos previos con diur\u00e9ticos.<br \/>\nUna vez compensado el d\u00e9ficit de sodio, se puede reiniciar sin ning\u00fan\u00a0inconveniente la administraci\u00f3n del producto.<\/p>\n<p><b>Insuficiencia renal<\/b>: Las dosis habitualmente \u00fatiles con clearance de\u00a0creatinina entre 30 y 80 ml\/min. es de 10 mg de ARDILAN por d\u00eda.<br \/>\nCon\u00a0clearance de creatinina entre 10 y 30 ml\/min. es de 5 mg de ARDILAN\u00a0por d\u00eda.<\/p>\n<p><b>Insuficiencia renal grave<\/b>: estricto control de los par\u00e1metros que eval\u00faan\u00a0la funci\u00f3n renal o se relacionan con la misma: (creatinina s\u00e9rica, clearance\u00a0de creatinina, potasio s\u00e9rico), pues en raras ocasiones pueden observarse\u00a0un empeoramiento de la misma que retrograda al suspenderse la\u00a0medicaci\u00f3n.<\/p>\n<p><b>Durante la cirug\u00eda y la anestesia<\/b>: se debe vigilar la aparici\u00f3n de hipotensi\u00f3n\u00a0arterial, que puede responder a la administraci\u00f3n de expansores de volumen.<\/p>\n<p><b>Enalapril mas diur\u00e9tico<\/b>: puede producirse una potenciaci\u00f3n de la acci\u00f3n\u00a0del Enalapril; por lo tanto dicha asociaci\u00f3n debe usarse con mucha cautela.<\/p>\n<p><b>Pacientes con insuficiencia renal o que reciben diur\u00e9ticos ahorradores de\u00a0<\/b><b>potasio<\/b>: puede producirse un incremento significativo de potasio s\u00e9rico.<\/p>\n<p><b>Sobredosificaci\u00f3n con Enalapril<\/b>: usar infusi\u00f3n I.V. de soluci\u00f3n salina\u00a0o angiotensina II.<\/p>\n<p><b>Enfermos con funci\u00f3n renal alterada<\/b>: que han sido tratados con diur\u00e9ticos:\u00a0pueden elevarse en forma pasajera y peque\u00f1a de la uremia, creatina y\u00a0enzima hep\u00e1ticas que desaparecen r\u00e1pidamente al reajustarse la dosificaci\u00f3n<\/p>\n<p><b>CONTRAINDICACIONES<\/b><\/p>\n<p>Hipersensibilidad al Enalapril, embarazo, lactancia.<\/p>\n<p><b>INTERACIONES<\/b><\/p>\n<p>La prescripci\u00f3n junto con Propanol reduce las concentraciones s\u00e9ricas del Enalapril.<br \/>\nAl administrarse concomitantemente con suplementos de Potasio como la\u00a0Espirolactona, Triamtereno o Amilorida se produce un aumento del Potasio s\u00e9rico.<br \/>\nLa leche con bajo contenido de sal o sustitutos de la sal al administrarse\u00a0simult\u00e1neamente con Enalapril da lugar a Hiperpotasemia.<br \/>\nLos diur\u00e9ticos tiaz\u00eddicos y la Digoxina potencian el efecto hipotensor del Enalapril.<br \/>\nEl \u00c1cido Acetil Salic\u00edlico, la Rifampicina y el Ketoprofeno disminuyen la efectividad\u00a0antihipertensiva del Enalapril.<br \/>\nAnti\u00e1cidos pueden disminuir la absorci\u00f3n del Enalapril.<\/p>\n<p><b>CONSERVACION<\/b><\/p>\n<p>Conservar en lugar seco a temperatura inferior a 25\u00baC. Variaci\u00f3n admitida entre 15\u00ba\u00a0y 30\u00baC. Mantener en su envase original hasta su utilizaci\u00f3n.<\/p>\n<p><b>PRESENTACIONES<\/b><\/p>\n<p>Cajas x 30 y x 1000 comprimidos (este \u00faltimo de uso hospitalario exclusivo) comprimidos de ARDILAN 10 mg.<br \/>\nCajas x 30 y x 1000 comprimidos (este \u00faltimo de uso hospitalario exclusivo) \u00a0comprimidos de ARDILAN 20 mg<\/p>\n","protected":false},"excerpt":{"rendered":"<p>ARDILAN ENALAPRIL MALEATO 10-20 mg Comprimidos PARA EL TRATAMIENTO DE LA HIPERTENSION ARTERIAL EN TODOS SUS GRADOS INSUFICIENCIA CARDIACA CONGESTIVA V\u00eda de Administraci\u00f3n: Oral &nbsp; &nbsp; &nbsp; F\u00d3RMULA Cada comprimido de ARDILAN 10 mg contiene: Enalapril maleato&#8230;&#8230;&#8230;&#8230;&#8230;&#8230;&#8230;&#8230;&#8230;&#8230;&#8230;&#8230;&#8230;&#8230;&#8230;&#8230;&#8230;&#8230;&#8230;&#8230;&#8230;&#8230;&#8230;&#8230;&#8230;&#8230;&#8230;&#8230;&#8230;..10 mg Excipientes&#8230;&#8230;&#8230;&#8230;&#8230;&#8230;&#8230;&#8230;&#8230;&#8230;&#8230;&#8230;&#8230;&#8230;&#8230;&#8230;&#8230;&#8230;&#8230;&#8230;&#8230;&#8230;&#8230;&#8230;&#8230;&#8230;&#8230;&#8230;&#8230;&#8230;&#8230;&#8230;&#8230;&#8230;&#8230;..c.s. Cada comprimido de ARDILAN 20 mg contiene: Enalapril maleato&#8230;&#8230;&#8230;&#8230;&#8230;&#8230;&#8230;&#8230;&#8230;&#8230;&#8230;&#8230;&#8230;&#8230;&#8230;&#8230;&#8230;&#8230;&#8230;&#8230;&#8230;&#8230;&#8230;&#8230;&#8230;&#8230;&#8230;&#8230;&#8230;..20 mg Excipientes&#8230;&#8230;&#8230;&#8230;&#8230;&#8230;&#8230;&#8230;&#8230;&#8230;&#8230;&#8230;&#8230;&#8230;&#8230;&#8230;&#8230;&#8230;&#8230;&#8230;&#8230;&#8230;&#8230;&#8230;&#8230;&#8230;&#8230;&#8230;&#8230;&#8230;&#8230;&#8230;&#8230;&#8230;&#8230;.c.s. ACCION TERAPEUTICA ARDILAN es un&hellip; <br \/> <a class=\"read-more\" href=\"https:\/\/www.rixdal.com\/?page_id=42\">Leer m\u00e1s<\/a><\/p>\n","protected":false},"author":2,"featured_media":0,"parent":32,"menu_order":0,"comment_status":"closed","ping_status":"closed","template":"","meta":{"footnotes":""},"class_list":["post-42","page","type-page","status-publish","hentry"],"_links":{"self":[{"href":"https:\/\/www.rixdal.com\/index.php?rest_route=\/wp\/v2\/pages\/42","targetHints":{"allow":["GET"]}}],"collection":[{"href":"https:\/\/www.rixdal.com\/index.php?rest_route=\/wp\/v2\/pages"}],"about":[{"href":"https:\/\/www.rixdal.com\/index.php?rest_route=\/wp\/v2\/types\/page"}],"author":[{"embeddable":true,"href":"https:\/\/www.rixdal.com\/index.php?rest_route=\/wp\/v2\/users\/2"}],"replies":[{"embeddable":true,"href":"https:\/\/www.rixdal.com\/index.php?rest_route=%2Fwp%2Fv2%2Fcomments&post=42"}],"version-history":[{"count":3,"href":"https:\/\/www.rixdal.com\/index.php?rest_route=\/wp\/v2\/pages\/42\/revisions"}],"predecessor-version":[{"id":109,"href":"https:\/\/www.rixdal.com\/index.php?rest_route=\/wp\/v2\/pages\/42\/revisions\/109"}],"up":[{"embeddable":true,"href":"https:\/\/www.rixdal.com\/index.php?rest_route=\/wp\/v2\/pages\/32"}],"wp:attachment":[{"href":"https:\/\/www.rixdal.com\/index.php?rest_route=%2Fwp%2Fv2%2Fmedia&parent=42"}],"curies":[{"name":"wp","href":"https:\/\/api.w.org\/{rel}","templated":true}]}}