{"id":44,"date":"2023-12-11T18:41:41","date_gmt":"2023-12-11T18:41:41","guid":{"rendered":"https:\/\/www.rixdal.com\/?page_id=44"},"modified":"2023-12-11T22:49:24","modified_gmt":"2023-12-11T22:49:24","slug":"ardilan-inyectable","status":"publish","type":"page","link":"https:\/\/www.rixdal.com\/?page_id=44","title":{"rendered":"ARDILAN INYECTABLE"},"content":{"rendered":"<p><img loading=\"lazy\" decoding=\"async\" class=\"wp-image-110 alignleft\" src=\"https:\/\/www.rixdal.com\/wp-content\/uploads\/2023\/12\/ardilan-inyectable.jpg\" alt=\"\" width=\"164\" height=\"220\" \/><\/p>\n<p><b>ARDILAN Inyectable<\/b><\/p>\n<table border=\"0\" cellspacing=\"0\" cellpadding=\"0\">\n<tbody>\n<tr>\n<td width=\"413\"><strong>Divisi\u00f3n:<\/strong>\u00a0MEDICAMENTOS CARDIOLOGICOS<br \/>\n<strong>Principio Activo:<\/strong>\u00a0Enalaprilato<\/td>\n<td valign=\"top\" width=\"155\">\n<p align=\"center\">\n<\/td>\n<\/tr>\n<\/tbody>\n<\/table>\n<p>ENALAPRILATO: Inyectable intravenoso.<br \/>\nTRATAMIENTO DE LA HIPERTENSI\u00d3N ARTERIAL Y LA INSUFICIENCIA CARDIACA<\/p>\n<p><strong>F\u00f3rmula:<\/strong><strong><br \/>\n<\/strong>Cada Frasco Ampolla contiene:<br \/>\nEnalaprilato \u2026\u2026\u2026\u2026\u2026\u2026\u2026\u2026\u2026\u2026\u2026\u2026\u2026\u2026\u2026\u2026\u2026 2,5 mg<br \/>\nExcipientes\u2026\u2026\u2026\u2026\u2026\u2026\u2026\u2026\u2026\u2026\u2026\u2026\u2026\u2026\u2026\u2026\u2026\u2026 c.s.<\/p>\n<p><strong>Acci\u00f3n Terap\u00e9utica:<\/strong><strong><br \/>\n<\/strong>ARDILAN INYECTABLE es un concepto totalmente nuevo en el tratamiento de la hipertensi\u00f3n y la insuficiencia card\u00edaca congestiva. ARDILAN inhibe la enzima convertidora de la Angiotensina, actuando sobre el sistema Renina &#8211; Angiotensina &#8211; Aldosterona, logrando as\u00ed anular el efecto vasoconstrictor de la Angiotensina II y el efecto conservador hidrosalino de la Aldosterona, constituy\u00e9ndose en un positivo tratamiento de emergencia de todas las formas de hipertensi\u00f3n renovascular y de la insuficiencia cardiaca congestiva cuando la situaci\u00f3n exija el uso de la v\u00eda parenteral.<\/p>\n<p><strong>Posolog\u00eda:<\/strong><strong><br \/>\n<\/strong>Hipertensi\u00f3n Arterial:<strong><br \/>\n<\/strong>Iniciar el tratamiento con 1,25mg (1\/2 frasco ampolla=1 ml) por v\u00eda IV lenta (no menos de 5 minutos). La respuesta cl\u00ednica aparece a los 15 minutos aproximadamente; obteni\u00e9ndose el efecto m\u00e1ximo a las 4 horas. Si la respuesta obtenida es insatisfactoria, se pueden incrementar las dosis hasta 5mg. La dosis de mantenimiento habitual es de 1,25mg (1ml) por v\u00eda IV cada 6 horas; pudiendo llegar en casos necesarios a administrarse hasta 5mg. cada 6 horas.<br \/>\nExisten casos donde se ha utilizado hasta 80 mg por d\u00eda; pero los resultados obtenidos fueron insatisfactorios; por lo que debe considerarse como dosis diaria habitual de 5 a 20mg.<\/p>\n<p>Insuficiencia Cardiaca:<br \/>\nLa dosis inicial es de 1,25mg (1ml) por v\u00eda IV; luego, como dosis de mantenimiento 1,25mg por v\u00eda IV cada 6 a 12 horas; seg\u00fan la respuesta hemodin\u00e1mica del paciente.<\/p>\n<p><strong>Enfermos Renales:<\/strong><br \/>\nCuando el clearance de creatinina es de 30ml\/minuto (creatinina s\u00e9rica aproximadamente de 3mg\/dl) la dosis a ser utilizada es de 1,25mg (1ml) cada 6 horas. Si el clearance de creatinina es menor de 30mg\/minuto (m\u00e1s de 3mg\/dl de creatinina s\u00e9rica) la dosis inicial es de 0,625mg (1\/4 de frasco ampolla=0,5ml) ajust\u00e1ndose luego seg\u00fan la respuesta terap\u00e9utica (repetir a la hora 0,625mg si la respuesta es insuficiente y continuar con 1,25mg cada 6 horas.<\/p>\n<p><strong>Di\u00e1lisis:<\/strong><br \/>\nEn pacientes sometidos a di\u00e1lisis la dosis aconsejada es de 0,625mg cada 6 horas.<\/p>\n<p><strong>Asociado a Diur\u00e9ticos:<\/strong><br \/>\nSi el paciente est\u00e1 bajo tratamiento con diur\u00e9tico la dosis inicial ser\u00e1 de 0,625mg, repetir luego en caso de respuesta insuficiente.<br \/>\nARDILAN INYECTABLE puede ser administrado directamente sin diluir o diluido en 50ml de cualquiera de las soluciones siguientes<strong>:\u00a0<\/strong>dextrosa al 5%, soluci\u00f3n fisiol\u00f3gica, soluci\u00f3n fisiol\u00f3gica en dextrosa al 5% o soluci\u00f3n de dextrosa al 5% en Ringer Lactato Cuando se desea efectuar el pasaje del tratamiento por v\u00eda parenteral a v\u00eda oral; la dosis inicial recomendada var\u00eda en funci\u00f3n de la suficiencia renal<strong>:\u00a0<\/strong>pacientes sin insuficiencia renal y pacientes con insuficiencia renal pero con clearance de creatinina mayor de 30ml\/min.<strong>:\u00a0<\/strong>5mg\/d\u00eda; pacientes con insuficiencia renal y con clearance de creatinina menor de 30ml o pacientes bajo tratamiento con diur\u00e9ticos que han respondido a la dosis de 0,625mg cada 6 horas<strong>:\u00a0<\/strong>2,5mg\/d\u00eda. Posteriormente \u00e9sta dosificaci\u00f3n se modificar\u00e1 seg\u00fan la respuesta cl\u00ednica.<\/p>\n<p><strong>Acciones Colaterales y Secundarias:<\/strong><br \/>\nEn tratamientos prolongados pueden observarse: mareos, cefaleas, astenia, nauseas, diarreas, tos persistente, ocasionalmente hipotensi\u00f3n, edema angioneur\u00f3tico, bradicardia, sudoraci\u00f3n, elevaci\u00f3n de urea, creatinina y enzimas hep\u00e1ticas que vuelven a la normalidad al suspender o disminuir la medicaci\u00f3n. Debido a que puede aparecer en raros casos leucopenia o agranulocitosis, es aconsejable realizar recuento de leucocitos<br \/>\nperi\u00f3dicamente.<\/p>\n<p><strong>Contraindicaciones:<\/strong><br \/>\nEst\u00e1 contraindicado en pacientes con hipersensibilidad al enalapril, antecedente de angioedema. Embarazo, Lactancia e Infancia pues no hay suficiente experiencia con este medicamento durante \u00e9stos per\u00edodos. En pacientes deplecionados de sodio; aun en peque\u00f1as dosis pueden producir hipotensi\u00f3n severa. En la estenosis renal puede aumentar la urea, creatinina y del potasio en sangre que lleva a suspender la medicaci\u00f3n.<br \/>\nAquellos pacientes que han perdido potasio, con dosis m\u00ednimas de Enalapril pueden presentar hipotensi\u00f3n ortost\u00e1tica.<br \/>\nEsta eventualidad puede ser mayor en pacientes con insuficiencia cardiaca, en donde es frecuente la disminuci\u00f3n de los reservorios o \u201cpool\u201d de sodio por tratamientos previos con diur\u00e9ticos.<br \/>\nUna vez compensado el d\u00e9ficit de sodio, se puede reiniciar sin ning\u00fan inconveniente la administraci\u00f3n del producto.<br \/>\nEstricto control de los par\u00e1metros que eval\u00faan la funci\u00f3n renal o se relacionan con la misma: (creatinina s\u00e9rica, clearance de creatinina, potasio s\u00e9rico), pues en raras ocasiones pueden observarse un empeoramiento de la misma que retrograda al suspenderse la medicaci\u00f3n.<br \/>\nDurante la cirug\u00eda y la anestesia: se debe vigilar la aparici\u00f3n de hipotensi\u00f3n arterial, que puede responder a la administraci\u00f3n de expansores de volumen.<br \/>\nEnalapril m\u00e1s diur\u00e9tico: puede producirse una potenciaci\u00f3n de la acci\u00f3n del Enalapril; por lo tanto dicha asociaci\u00f3n debe usarse con mucha cautela.<br \/>\nPacientes con insuficiencia renal o que reciben diur\u00e9ticos ahorradores de potasio: pueden producirse un incremento significativo de potasio s\u00e9rico.<br \/>\nSobredosificaci\u00f3n con Enalapril: usar infusi\u00f3n I.V de soluci\u00f3n salina o angiotensina II.<\/p>\n<p><strong>Presentaci\u00f3n:<\/strong><br \/>\n1 Frasco Ampolla x 2 ml<\/p>\n<p><strong>Indicaciones:<\/strong><br \/>\nARDILAN INYECTABLE es un medicamento antihipertensivo y vasodilatador indicado en la hipertensi\u00f3n arterial y en la insuficiencia cardiaca cuando se considere necesario el uso de la v\u00eda parenteral. En casos de insuficiencia ventricular izquierda (EAP).<\/p>\n","protected":false},"excerpt":{"rendered":"<p>ARDILAN Inyectable Divisi\u00f3n:\u00a0MEDICAMENTOS CARDIOLOGICOS Principio Activo:\u00a0Enalaprilato ENALAPRILATO: Inyectable intravenoso. TRATAMIENTO DE LA HIPERTENSI\u00d3N ARTERIAL Y LA INSUFICIENCIA CARDIACA F\u00f3rmula: Cada Frasco Ampolla contiene: Enalaprilato \u2026\u2026\u2026\u2026\u2026\u2026\u2026\u2026\u2026\u2026\u2026\u2026\u2026\u2026\u2026\u2026\u2026 2,5 mg Excipientes\u2026\u2026\u2026\u2026\u2026\u2026\u2026\u2026\u2026\u2026\u2026\u2026\u2026\u2026\u2026\u2026\u2026\u2026 c.s. Acci\u00f3n Terap\u00e9utica: ARDILAN INYECTABLE es un concepto totalmente nuevo en el tratamiento de la hipertensi\u00f3n y la insuficiencia card\u00edaca congestiva. ARDILAN inhibe la enzima convertidora de&hellip; <br \/> <a class=\"read-more\" href=\"https:\/\/www.rixdal.com\/?page_id=44\">Leer m\u00e1s<\/a><\/p>\n","protected":false},"author":2,"featured_media":0,"parent":32,"menu_order":0,"comment_status":"closed","ping_status":"closed","template":"","meta":{"footnotes":""},"class_list":["post-44","page","type-page","status-publish","hentry"],"_links":{"self":[{"href":"https:\/\/www.rixdal.com\/index.php?rest_route=\/wp\/v2\/pages\/44","targetHints":{"allow":["GET"]}}],"collection":[{"href":"https:\/\/www.rixdal.com\/index.php?rest_route=\/wp\/v2\/pages"}],"about":[{"href":"https:\/\/www.rixdal.com\/index.php?rest_route=\/wp\/v2\/types\/page"}],"author":[{"embeddable":true,"href":"https:\/\/www.rixdal.com\/index.php?rest_route=\/wp\/v2\/users\/2"}],"replies":[{"embeddable":true,"href":"https:\/\/www.rixdal.com\/index.php?rest_route=%2Fwp%2Fv2%2Fcomments&post=44"}],"version-history":[{"count":3,"href":"https:\/\/www.rixdal.com\/index.php?rest_route=\/wp\/v2\/pages\/44\/revisions"}],"predecessor-version":[{"id":112,"href":"https:\/\/www.rixdal.com\/index.php?rest_route=\/wp\/v2\/pages\/44\/revisions\/112"}],"up":[{"embeddable":true,"href":"https:\/\/www.rixdal.com\/index.php?rest_route=\/wp\/v2\/pages\/32"}],"wp:attachment":[{"href":"https:\/\/www.rixdal.com\/index.php?rest_route=%2Fwp%2Fv2%2Fmedia&parent=44"}],"curies":[{"name":"wp","href":"https:\/\/api.w.org\/{rel}","templated":true}]}}