{"id":46,"date":"2023-12-11T18:42:06","date_gmt":"2023-12-11T18:42:06","guid":{"rendered":"https:\/\/www.rixdal.com\/?page_id=46"},"modified":"2023-12-11T22:51:34","modified_gmt":"2023-12-11T22:51:34","slug":"engedol-asp","status":"publish","type":"page","link":"https:\/\/www.rixdal.com\/?page_id=46","title":{"rendered":"ENGEDOL ASP"},"content":{"rendered":"<p>&nbsp;<\/p>\n<p><b>Divisi\u00f3n: INDUFAR<br \/>\nPrincipio Activo:\u00a0<\/b>Acido Acetilsalic\u00edlico<\/p>\n<p><b>Comprimidos.<\/b><br \/>\nANALGESICO &#8211; ANTIPIRETICO &#8211; ANTIINFLAMATORIO<br \/>\nFORMULA<br \/>\nCada comprimido de ENGEDOL ASP contiene:<br \/>\nAcido Acetilsalic\u00edlico\u2026\u2026\u2026\u2026\u2026\u2026\u2026\u2026\u2026\u2026\u2026 500 mg<br \/>\nExcipientes \u2026\u2026\u2026\u2026\u2026\u2026\u2026\u2026\u2026\u2026\u2026\u2026\u2026\u2026\u2026 c.s.<\/p>\n<p><b>INDICACIONES<\/b><br \/>\nEsta indicado en procesos dolorosos som\u00e1ticos, inflamaci\u00f3n de distinto tipo, fiebre. Artritis reumatoidea y juvenil. Rigidez y dolores por problemas reum\u00e1ticos, dolores de espalda, dolores musculares y posturales.<br \/>\nMODO DE EMPLEO Y DOSIS USUAL<br \/>\nAdultos y ni\u00f1os mayores de 12 a\u00f1os: 1 &#8211; 2 comprimidos cada 6 &#8211; 8 horas, si es necesario, hasta un m\u00e1ximo de 6 comprimidos en 24 horas.<\/p>\n<p><b>REACCIONES ADVERSAS<\/b><br \/>\nN\u00e1useas, v\u00f3mitos, diarrea, epigastralgia, gastritis, rash, urticaria y mareos.<br \/>\nPRECAUCIONES Y ADVERTENCIAS<br \/>\nEl uso prolongado y en dosis excesivas puede predisponer a la nefrotoxicidad. Los pacientes geri\u00e1tricos suelen ser m\u00e1s sensibles a los efectos t\u00f3xicos posiblemente debido a una menor funci\u00f3n renal. Debe emplearse con cautela, o no emplearse, en pacientes propensos a la dispepsia o en los que se diagnostique una lesi\u00f3n de la mucosa g\u00e1strica. Administrar con precauci\u00f3n en pacientes con asma y alergia.<\/p>\n<p><b>CONTRAINDICACIONES<\/b><br \/>\nHipersensibilidad al Acido Acetilsalic\u00edlico. Ulcera p\u00e9ptica. Insuficiencia renal cr\u00f3nica avanzada. Hemofilia. Estados hemorr\u00e1gicos activos.<\/p>\n<p><b>INTERACCIONES<\/b><br \/>\nLos acidificantes urinarios (\u00e1cido asc\u00f3rbico, cloruro de amonio) dan lugar a mayores concentraciones plasm\u00e1ticas de Acido Acetilsalic\u00edlico por disminuir su excreci\u00f3n. Los glucocorticoides aumentan la excreci\u00f3n del Acido Acetilsalic\u00edlico. El uso simult\u00e1neo con otros analg\u00e9sicos antiinflamatorios no esteroides puede aumentar el riesgo de hemorragias debido a la inhibici\u00f3n aditiva de la agregaci\u00f3n plaquetaria.<\/p>\n<p><b>PRESENTACION<\/b><br \/>\nENGEDOL ASP exhibidor x 10 blisteres x 10 comprimidos<\/p>\n","protected":false},"excerpt":{"rendered":"<p>&nbsp; Divisi\u00f3n: INDUFAR Principio Activo:\u00a0Acido Acetilsalic\u00edlico Comprimidos. ANALGESICO &#8211; ANTIPIRETICO &#8211; ANTIINFLAMATORIO FORMULA Cada comprimido de ENGEDOL ASP contiene: Acido Acetilsalic\u00edlico\u2026\u2026\u2026\u2026\u2026\u2026\u2026\u2026\u2026\u2026\u2026 500 mg Excipientes \u2026\u2026\u2026\u2026\u2026\u2026\u2026\u2026\u2026\u2026\u2026\u2026\u2026\u2026\u2026 c.s. INDICACIONES Esta indicado en procesos dolorosos som\u00e1ticos, inflamaci\u00f3n de distinto tipo, fiebre. Artritis reumatoidea y juvenil. Rigidez y dolores por problemas reum\u00e1ticos, dolores de espalda, dolores musculares y posturales.&hellip; <br \/> <a class=\"read-more\" href=\"https:\/\/www.rixdal.com\/?page_id=46\">Leer m\u00e1s<\/a><\/p>\n","protected":false},"author":2,"featured_media":0,"parent":32,"menu_order":0,"comment_status":"closed","ping_status":"closed","template":"","meta":{"footnotes":""},"class_list":["post-46","page","type-page","status-publish","hentry"],"_links":{"self":[{"href":"https:\/\/www.rixdal.com\/index.php?rest_route=\/wp\/v2\/pages\/46","targetHints":{"allow":["GET"]}}],"collection":[{"href":"https:\/\/www.rixdal.com\/index.php?rest_route=\/wp\/v2\/pages"}],"about":[{"href":"https:\/\/www.rixdal.com\/index.php?rest_route=\/wp\/v2\/types\/page"}],"author":[{"embeddable":true,"href":"https:\/\/www.rixdal.com\/index.php?rest_route=\/wp\/v2\/users\/2"}],"replies":[{"embeddable":true,"href":"https:\/\/www.rixdal.com\/index.php?rest_route=%2Fwp%2Fv2%2Fcomments&post=46"}],"version-history":[{"count":3,"href":"https:\/\/www.rixdal.com\/index.php?rest_route=\/wp\/v2\/pages\/46\/revisions"}],"predecessor-version":[{"id":114,"href":"https:\/\/www.rixdal.com\/index.php?rest_route=\/wp\/v2\/pages\/46\/revisions\/114"}],"up":[{"embeddable":true,"href":"https:\/\/www.rixdal.com\/index.php?rest_route=\/wp\/v2\/pages\/32"}],"wp:attachment":[{"href":"https:\/\/www.rixdal.com\/index.php?rest_route=%2Fwp%2Fv2%2Fmedia&parent=46"}],"curies":[{"name":"wp","href":"https:\/\/api.w.org\/{rel}","templated":true}]}}