{"id":48,"date":"2023-12-11T18:42:22","date_gmt":"2023-12-11T18:42:22","guid":{"rendered":"https:\/\/www.rixdal.com\/?page_id=48"},"modified":"2023-12-11T22:52:58","modified_gmt":"2023-12-11T22:52:58","slug":"sacaprim","status":"publish","type":"page","link":"https:\/\/www.rixdal.com\/?page_id=48","title":{"rendered":"SACAPRIM"},"content":{"rendered":"<p>&nbsp;<\/p>\n<p><span class=\"Apple-style-span\">Divisi\u00f3n: MEDICAL<\/span><br \/>\n<span class=\"Apple-style-span\">Principio Activo:<\/span>Paracetamol<\/p>\n<p>Comprimidos<\/p>\n<p><b>FORMULAS<\/b><br \/>\nCada comprimido de SACAPRIM contiene:<br \/>\nParacetamol&#8230;&#8230;&#8230;&#8230;&#8230;&#8230;&#8230;&#8230;.. 500 mg<br \/>\nExcipientes&#8230;&#8230;&#8230;&#8230;&#8230;&#8230;&#8230;&#8230;&#8230;&#8230;&#8230;.. c.s.<\/p>\n<p><strong><span class=\"Apple-style-span\">ACCION TERAPEUTICA<\/span><\/strong><br \/>\nSACAPRIM es un analg\u00e9sico y antifebril que se caracteriza por no poseer acci\u00f3n irritante sobre la mucosa g\u00e1strica, no produciendo por lo tanto ardor de est\u00f3mago.<\/p>\n<p><strong><span class=\"Apple-style-span\">INDICACIONES<\/span><\/strong><br \/>\nCuadros febriles cualquiera sea su origen. Cefaleas. Dolores musculares. Neuralgias. Dolores post-traum\u00e1ticos y post-operatorios. Artralgias. Cuadros gripales.<\/p>\n<p><strong><span class=\"Apple-style-span\">POSOLOGIA<\/span><\/strong><br \/>\nSACAPRIM comprimidos:<br \/>\nAdultos (500 mg): 1 a 2 comprimidos 3 a 4 veces al d\u00eda, sin exceder de 8 comprimidos al d\u00eda.<\/p>\n<p><strong><span class=\"Apple-style-span\">CONTRAINDICACIONES<\/span><\/strong><br \/>\nSensibilidad\u00a0 al\u00a0 Paracetamol.\u00a0 Enfermedad\u00a0 hep\u00e1tica,\u00a0 hepatitis\u00a0 viral, disfunci\u00f3n\u00a0 renal grave. Alcoholismo.<\/p>\n<p><strong><span class=\"Apple-style-span\">REACCIONES ADVERSAS<\/span><\/strong><br \/>\nLos efectos adversos del Paracetamol son raros y habitualmente leves, pueden presentarse agranulocitosis (dolor de garganta y fiebre inexplicable), dermatitis al\u00e9rgica (rash cut\u00e1neo, urticaria, prurito), insuficiencia renal (disminuci\u00f3n brusca de la orina).<br \/>\nPodr\u00edan presentarse adem\u00e1s anemia (cansancio o debilidad no habituales), hepatitis (ojos y piel amarillos), c\u00f3lico renal (dolor intenso y\/o agudo en la parte baja de la espalda y\/o costado), piuria est\u00e9ril (orina turbia). Ocasionalmente puede producirse exantemas y otras reacciones de hipersensibilidad.<\/p>\n<p><strong><span class=\"Apple-style-span\">PRECAUCIONES Y ADVERTENCIAS<\/span><\/strong><br \/>\nCon el uso prolongado de dosis elevadas en pacientes con insuficiencia renal puede dar lugar a uremia. En tratamientos continuos y prolongados deber\u00e1 vigilarse el cuadro hem\u00e1tico. Administrar con cuidado en pacientes tratados con inductores enzim\u00e1ticos y drogas consumidoras de glutati\u00f3n (doxorrubicina), as\u00ed como a individuos con dependencia alcoh\u00f3lica. En pacientes al\u00e9rgicos al Acido Acetilsalic\u00edlico el Paracetamol puede producir reacciones al\u00e9rgicas tipo broncoespasmo.<br \/>\nSe recomienda evitar la asociaci\u00f3n con otros antiinflamatorios no esteroides ya que se pueden potenciar los efectos terap\u00e9uticos pero tambi\u00e9n los t\u00f3xicos.<\/p>\n<p><strong><span class=\"Apple-style-span\">INTERACCIONES<\/span><\/strong><br \/>\nAumenta el efecto anticoagulante de los anticoagulantes derivados de la cumarina.<br \/>\nEl uso simult\u00e1neo con medicamentos hepatot\u00f3xicos incrementa la hepatotoxicidad.<br \/>\nLa asociaci\u00f3n con antiinflamatorios no esteroides puede potenciar los efectos terap\u00e9uticos pero tambi\u00e9n los t\u00f3xicos.<\/p>\n<p><strong><span class=\"Apple-style-span\">PRESENTACIONES<\/span><\/strong><br \/>\nEstuche conteniendo 20 comprimidos de 500 mg.(2 blisters x 10 comprimidos)<br \/>\nExhibidor conteniendo 60 blisteres x 10 comprimidos de 500 mg.<br \/>\nBlister x 10 comprimidos<\/p>\n","protected":false},"excerpt":{"rendered":"<p>&nbsp; Divisi\u00f3n: MEDICAL Principio Activo:Paracetamol Comprimidos FORMULAS Cada comprimido de SACAPRIM contiene: Paracetamol&#8230;&#8230;&#8230;&#8230;&#8230;&#8230;&#8230;&#8230;.. 500 mg Excipientes&#8230;&#8230;&#8230;&#8230;&#8230;&#8230;&#8230;&#8230;&#8230;&#8230;&#8230;.. c.s. ACCION TERAPEUTICA SACAPRIM es un analg\u00e9sico y antifebril que se caracteriza por no poseer acci\u00f3n irritante sobre la mucosa g\u00e1strica, no produciendo por lo tanto ardor de est\u00f3mago. INDICACIONES Cuadros febriles cualquiera sea su origen. Cefaleas. Dolores musculares.&hellip; <br \/> <a class=\"read-more\" href=\"https:\/\/www.rixdal.com\/?page_id=48\">Leer m\u00e1s<\/a><\/p>\n","protected":false},"author":2,"featured_media":0,"parent":32,"menu_order":0,"comment_status":"closed","ping_status":"closed","template":"","meta":{"footnotes":""},"class_list":["post-48","page","type-page","status-publish","hentry"],"_links":{"self":[{"href":"https:\/\/www.rixdal.com\/index.php?rest_route=\/wp\/v2\/pages\/48","targetHints":{"allow":["GET"]}}],"collection":[{"href":"https:\/\/www.rixdal.com\/index.php?rest_route=\/wp\/v2\/pages"}],"about":[{"href":"https:\/\/www.rixdal.com\/index.php?rest_route=\/wp\/v2\/types\/page"}],"author":[{"embeddable":true,"href":"https:\/\/www.rixdal.com\/index.php?rest_route=\/wp\/v2\/users\/2"}],"replies":[{"embeddable":true,"href":"https:\/\/www.rixdal.com\/index.php?rest_route=%2Fwp%2Fv2%2Fcomments&post=48"}],"version-history":[{"count":2,"href":"https:\/\/www.rixdal.com\/index.php?rest_route=\/wp\/v2\/pages\/48\/revisions"}],"predecessor-version":[{"id":115,"href":"https:\/\/www.rixdal.com\/index.php?rest_route=\/wp\/v2\/pages\/48\/revisions\/115"}],"up":[{"embeddable":true,"href":"https:\/\/www.rixdal.com\/index.php?rest_route=\/wp\/v2\/pages\/32"}],"wp:attachment":[{"href":"https:\/\/www.rixdal.com\/index.php?rest_route=%2Fwp%2Fv2%2Fmedia&parent=48"}],"curies":[{"name":"wp","href":"https:\/\/api.w.org\/{rel}","templated":true}]}}