{"id":50,"date":"2023-12-11T18:42:37","date_gmt":"2023-12-11T18:42:37","guid":{"rendered":"https:\/\/www.rixdal.com\/?page_id=50"},"modified":"2023-12-11T22:54:38","modified_gmt":"2023-12-11T22:54:38","slug":"vinil-gel","status":"publish","type":"page","link":"https:\/\/www.rixdal.com\/?page_id=50","title":{"rendered":"VINIL GEL"},"content":{"rendered":"<p>&nbsp;<\/p>\n<p><img loading=\"lazy\" decoding=\"async\" class=\"size-full wp-image-116 alignleft\" src=\"https:\/\/www.rixdal.com\/wp-content\/uploads\/2023\/12\/vinil.jpg\" alt=\"\" width=\"300\" height=\"183\" \/><b>Divisi\u00f3n: INDUFAR<\/b><br \/>\n<b>Principio Activo:<\/b> Diclofenac Dietilamina (equivalente a 2 g. de Diclofenac S\u00f3dico)<br \/>\n<b>ANTIINFLAMATORIO Y ANALGESICO PERCUTANEO<\/b><br \/>\nF\u00f3rmula:<br \/>\nCada 100 gramos de VINIL GEL contiene:<br \/>\nDiclofenac Dietilamina (equivalente a 2 g.<br \/>\nde Diclofenac S\u00f3dico)\u2026.\u2026\u2026\u2026\u2026\u2026\u2026\u2026\u2026\u2026\u2026\u2026\u2026\u2026.. 2,32 mg<br \/>\nExcipientes\u2026\u2026\u2026\u2026\u2026\u2026\u2026\u2026\u2026\u2026\u2026\u2026\u2026\u2026\u2026\u2026\u2026\u2026\u2026 c.s.<\/p>\n<p><b><\/p>\n<p>Acci\u00f3n Terap\u00e9utica:<\/b><br \/>\nAntiinflamatorio y analg\u00e9sico percut\u00e1neo.<\/p>\n<p><b>Posolog\u00eda:<\/b><br \/>\nDepende del \u00e1rea que deba ser tratada.<br \/>\nAplicar 2 \u2013 4 gramos de VINIL GEL, de 3 a 4 veces al d\u00eda, sobre la parte afectada, masajeando suavemente hasta desaparecer el preparado de la piel.<\/p>\n<p><b>Precauciones y Advertencias:<\/b><br \/>\nVINIL GEL, solo debe aplicarse sobre la piel sana, evitando las heridas, el contacto con los ojos y con las membranas mucosas. No debe ser ingerido.<\/p>\n<p><b>Acciones Secundarias y Colaterales:<\/b><br \/>\nEl VINIL GEL, normalmente es bien tolerado. En casos muy contados pueden aparecer rubefacci\u00f3n, rash o prurito. Cuando se utiliza sobre amplias zonas por per\u00edodos prolongados, puede darse la posibilidad de que aparezcan efectos sist\u00e9mico adversos. Adoptar el tratamiento propio de los antiinflamatorios no esteroideos. A veces pueden verse reacciones de fotosensibilidad.<\/p>\n<p><b>Contraindicaciones:<\/b><br \/>\nHipersensibilidad al Diclofenac, al Acido Acetilsalic\u00edlico y a otros antiinflamatorios no esteroideos.<\/p>\n<p><b>Presentaci\u00f3n:<\/b><br \/>\nPomos x 20 gr.<\/p>\n<p><strong>Indicaciones:<\/strong><br \/>\nEl VINIL GEL, est\u00e1 indicado en los cuadros de periartritis escapulo humeral, lumbago, ci\u00e1tica, tendosinovitis, bursitis, lesiones deportivas, traumatismos cerrados, reumatismo muscular, etc.<\/p>\n","protected":false},"excerpt":{"rendered":"<p>&nbsp; Divisi\u00f3n: INDUFAR Principio Activo: Diclofenac Dietilamina (equivalente a 2 g. de Diclofenac S\u00f3dico) ANTIINFLAMATORIO Y ANALGESICO PERCUTANEO F\u00f3rmula: Cada 100 gramos de VINIL GEL contiene: Diclofenac Dietilamina (equivalente a 2 g. de Diclofenac S\u00f3dico)\u2026.\u2026\u2026\u2026\u2026\u2026\u2026\u2026\u2026\u2026\u2026\u2026\u2026\u2026.. 2,32 mg Excipientes\u2026\u2026\u2026\u2026\u2026\u2026\u2026\u2026\u2026\u2026\u2026\u2026\u2026\u2026\u2026\u2026\u2026\u2026\u2026 c.s. Acci\u00f3n Terap\u00e9utica: Antiinflamatorio y analg\u00e9sico percut\u00e1neo. Posolog\u00eda: Depende del \u00e1rea que deba ser tratada. Aplicar 2&hellip; <br \/> <a class=\"read-more\" href=\"https:\/\/www.rixdal.com\/?page_id=50\">Leer m\u00e1s<\/a><\/p>\n","protected":false},"author":2,"featured_media":0,"parent":32,"menu_order":0,"comment_status":"closed","ping_status":"closed","template":"","meta":{"footnotes":""},"class_list":["post-50","page","type-page","status-publish","hentry"],"_links":{"self":[{"href":"https:\/\/www.rixdal.com\/index.php?rest_route=\/wp\/v2\/pages\/50","targetHints":{"allow":["GET"]}}],"collection":[{"href":"https:\/\/www.rixdal.com\/index.php?rest_route=\/wp\/v2\/pages"}],"about":[{"href":"https:\/\/www.rixdal.com\/index.php?rest_route=\/wp\/v2\/types\/page"}],"author":[{"embeddable":true,"href":"https:\/\/www.rixdal.com\/index.php?rest_route=\/wp\/v2\/users\/2"}],"replies":[{"embeddable":true,"href":"https:\/\/www.rixdal.com\/index.php?rest_route=%2Fwp%2Fv2%2Fcomments&post=50"}],"version-history":[{"count":3,"href":"https:\/\/www.rixdal.com\/index.php?rest_route=\/wp\/v2\/pages\/50\/revisions"}],"predecessor-version":[{"id":118,"href":"https:\/\/www.rixdal.com\/index.php?rest_route=\/wp\/v2\/pages\/50\/revisions\/118"}],"up":[{"embeddable":true,"href":"https:\/\/www.rixdal.com\/index.php?rest_route=\/wp\/v2\/pages\/32"}],"wp:attachment":[{"href":"https:\/\/www.rixdal.com\/index.php?rest_route=%2Fwp%2Fv2%2Fmedia&parent=50"}],"curies":[{"name":"wp","href":"https:\/\/api.w.org\/{rel}","templated":true}]}}