{"id":52,"date":"2023-12-11T18:42:53","date_gmt":"2023-12-11T18:42:53","guid":{"rendered":"https:\/\/www.rixdal.com\/?page_id=52"},"modified":"2023-12-11T22:56:31","modified_gmt":"2023-12-11T22:56:31","slug":"z-cal","status":"publish","type":"page","link":"https:\/\/www.rixdal.com\/?page_id=52","title":{"rendered":"Z-CAL"},"content":{"rendered":"<p>&nbsp;<\/p>\n<p><img loading=\"lazy\" decoding=\"async\" class=\"size-full wp-image-119 alignleft\" src=\"https:\/\/www.rixdal.com\/wp-content\/uploads\/2023\/12\/zcal.jpg\" alt=\"\" width=\"197\" height=\"200\" \/><\/p>\n<p>El principio activo de Z-CAL\u00a0 la Dipirona,<br \/>\npoderoso analg\u00e9sico, antipir\u00e9tico y antirreum\u00e1tico.<\/p>\n<p><span class=\"Apple-style-span\">F\u00f3rmula:<\/span><br \/>\nCada comprimido contiene:<br \/>\nDipirona\u2026\u2026\u2026\u2026\u2026\u2026\u2026\u2026\u2026\u2026\u2026\u2026\u2026\u2026\u2026 500 mg.<br \/>\nExcipientes\u2026\u2026\u2026\u2026\u2026\u2026\u2026\u2026\u2026\u2026\u2026\u2026\u2026\u2026\u2026 c.s.<\/p>\n<p>&nbsp;<\/p>\n<p><span class=\"Apple-style-span\"><strong>Indicaciones:<\/strong><br \/>\nDolor de cabeza, dolor de dientes, dolores musculares, dolor producido por el reumatismo, fiebre, resfr\u00edos<\/span><\/p>\n<p><strong><span class=\"Apple-style-span\">Posolog\u00eda:<\/span><\/strong><br \/>\n1 a 2 comprimidos 3 a 4 veces al d\u00eda<\/p>\n<p><strong><span class=\"Apple-style-span\">Precauciones:<\/span><\/strong><br \/>\nDurante el primer trimestre de embarazo y sus \u00faltimas semanas. Pacientes con trastornos hematopoy\u00e9ticos.<\/p>\n<p><strong><span class=\"Apple-style-span\">Contraindicaciones:<\/span><\/strong><br \/>\nPacientes con hipersensibilidad a las pirazolonas. \u00a0Pacientes que presentan determinadas enfermedades metab\u00f3licas (Porfiria Hep\u00e1tica, d\u00e9ficit cong\u00e9nito de glucosa-6-fosfato deshidrogenasa).<\/p>\n<p><strong><span class=\"Apple-style-span\">Reacciones Adversas:<\/span><\/strong><br \/>\nHipersensibilidad al Principio Activo o a alg\u00fan otro componente de la f\u00f3rmula.<\/p>\n<p><strong><span class=\"Apple-style-span\">Interacciones:<\/span><\/strong><br \/>\nLa Dipirona puede reducir la acci\u00f3n de la Ciclosporina.Con la ingesti\u00f3n de alcohol se potencian los efectos de la Dipirona.<\/p>\n<p><strong><span class=\"Apple-style-span\">Sobredosis:<\/span><\/strong><br \/>\nDolor abdominal. Ca\u00edda de la presi\u00f3n sangu\u00ednea. Arritmias card\u00edacas. Mareos, somnolencia, convulsiones. En estos casos el tratamiento tiene que ser sintom\u00e1tico y de mantenimiento.<\/p>\n<p><strong><span class=\"Apple-style-span\">Conservaci\u00f3n:<\/span><\/strong><br \/>\nA una temperatura inferior a 30 \u00b0C y a menos de 75% de H.R.<\/p>\n<p><strong>Presentaci\u00f3n:\u00a0<\/strong><br \/>\nExhibidor x 240 (24 blister x 10 comprimidos)<br \/>\nExhibidor x 100 (10 blister x 10 comprimidos).<br \/>\nSobre conteniendo 1 blister x 10 comprimidos<\/p>\n","protected":false},"excerpt":{"rendered":"<p>&nbsp; El principio activo de Z-CAL\u00a0 la Dipirona, poderoso analg\u00e9sico, antipir\u00e9tico y antirreum\u00e1tico. F\u00f3rmula: Cada comprimido contiene: Dipirona\u2026\u2026\u2026\u2026\u2026\u2026\u2026\u2026\u2026\u2026\u2026\u2026\u2026\u2026\u2026 500 mg. Excipientes\u2026\u2026\u2026\u2026\u2026\u2026\u2026\u2026\u2026\u2026\u2026\u2026\u2026\u2026\u2026 c.s. &nbsp; Indicaciones: Dolor de cabeza, dolor de dientes, dolores musculares, dolor producido por el reumatismo, fiebre, resfr\u00edos Posolog\u00eda: 1 a 2 comprimidos 3 a 4 veces al d\u00eda Precauciones: Durante el primer trimestre&hellip; <br \/> <a class=\"read-more\" href=\"https:\/\/www.rixdal.com\/?page_id=52\">Leer m\u00e1s<\/a><\/p>\n","protected":false},"author":2,"featured_media":0,"parent":32,"menu_order":0,"comment_status":"closed","ping_status":"closed","template":"","meta":{"footnotes":""},"class_list":["post-52","page","type-page","status-publish","hentry"],"_links":{"self":[{"href":"https:\/\/www.rixdal.com\/index.php?rest_route=\/wp\/v2\/pages\/52","targetHints":{"allow":["GET"]}}],"collection":[{"href":"https:\/\/www.rixdal.com\/index.php?rest_route=\/wp\/v2\/pages"}],"about":[{"href":"https:\/\/www.rixdal.com\/index.php?rest_route=\/wp\/v2\/types\/page"}],"author":[{"embeddable":true,"href":"https:\/\/www.rixdal.com\/index.php?rest_route=\/wp\/v2\/users\/2"}],"replies":[{"embeddable":true,"href":"https:\/\/www.rixdal.com\/index.php?rest_route=%2Fwp%2Fv2%2Fcomments&post=52"}],"version-history":[{"count":3,"href":"https:\/\/www.rixdal.com\/index.php?rest_route=\/wp\/v2\/pages\/52\/revisions"}],"predecessor-version":[{"id":121,"href":"https:\/\/www.rixdal.com\/index.php?rest_route=\/wp\/v2\/pages\/52\/revisions\/121"}],"up":[{"embeddable":true,"href":"https:\/\/www.rixdal.com\/index.php?rest_route=\/wp\/v2\/pages\/32"}],"wp:attachment":[{"href":"https:\/\/www.rixdal.com\/index.php?rest_route=%2Fwp%2Fv2%2Fmedia&parent=52"}],"curies":[{"name":"wp","href":"https:\/\/api.w.org\/{rel}","templated":true}]}}