{"id":62,"date":"2023-12-11T18:45:36","date_gmt":"2023-12-11T18:45:36","guid":{"rendered":"https:\/\/www.rixdal.com\/?page_id=62"},"modified":"2023-12-11T23:13:31","modified_gmt":"2023-12-11T23:13:31","slug":"klonadryl","status":"publish","type":"page","link":"https:\/\/www.rixdal.com\/?page_id=62","title":{"rendered":"KLONADRYL"},"content":{"rendered":"<p>&nbsp;<\/p>\n<p><span class=\"Apple-style-span\">Soluci\u00f3n Inyectable I.M., I.V.\u00a0 <\/span><span class=\"Apple-style-span\">Difenhidramina 10 mg\/ml<\/span><\/p>\n<p><strong><span class=\"Apple-style-span\">F\u00d3RMULA:<br \/>\n<\/span><\/strong><br \/>\nDifenhidramina clorhidrato \u00a0\u00a0 \u00a0\u00a0\u00a0\u00a0 50.0 mg<br \/>\nAgua p\/ uso inyectable c.s.p. \u00a0\u00a0 \u00a01.0 ml.<\/p>\n<p><strong><span class=\"Apple-style-span\">ACCI\u00d3N TERAP\u00c9UTICA:<br \/>\n<\/span><\/strong><br \/>\nAntihistam\u00ednico. Antial\u00e9rgico<\/p>\n<p><strong><span class=\"Apple-style-span\">INDICACIONES:<br \/>\n<\/span><\/strong><br \/>\nEste medicamento est\u00e1 indicado para el tratamiento de:<br \/>\n\u2022 Conjuntivitis al\u00e9rgica<br \/>\n\u2022 Manifestaciones al\u00e9rgicas de la piel (urticaria, angioedema)<br \/>\n\u2022 Reacciones al\u00e9rgicas a la sangre o plasma<br \/>\n\u2022 Dermografismo<br \/>\n\u2022 Cinetosis<br \/>\n\u2022 Parkinsonismo (inclusive el inducido por drogas)<\/p>\n<p><strong><span class=\"Apple-style-span\">POSOLOGIA Y MODO DE ADMINISTRACION:<br \/>\n<\/span><\/strong><br \/>\nLa administraci\u00f3n intravenosa asegura una acci\u00f3n m\u00e1s r\u00e1pida del principio activo.<br \/>\nAdultos: entre 1 ml a 5 ml de la soluci\u00f3n inyectable (equivalentes a 10 mg y 50 mg respectivamente). Seg\u00fan la intensidad y severidad de la reacci\u00f3n a tratar. La dosis m\u00e1xima diaria no debe ser mayor a 400 mg\/d\u00eda.<br \/>\nNi\u00f1os: 5 mg\/kg\/d\u00eda, no debiendo superarse la dosis m\u00e1xima de 300 mg\/d\u00eda suministrada en 4 dosis.<br \/>\nImportante: se aconseja continuar la administraci\u00f3n de KLONADRYL Antial\u00e9rgico Inyectable hasta obtener una respuesta eficaz. Al disminuir la severidad de los s\u00edntomas, el paciente podr\u00e1 continuar el tratamiento por v\u00eda oral.<br \/>\nEsta forma no debe ser utilizada como anest\u00e9sico local.<\/p>\n<p><strong><span class=\"Apple-style-span\">DESCRIPCI\u00d3N:<br \/>\n<\/span><\/strong><br \/>\nLa difenhidramina es un derivado de la etanolamina<\/p>\n<p><strong><span class=\"Apple-style-span\">FARMACOCIN\u00c9TICA:<br \/>\n<\/span><\/strong><br \/>\nLa difenhidramina compite con la histamina por los receptores H1, presentes en las c\u00e9lulas efectoras, evitando sin revertir, las respuestas mediadas \u00fanicamente por la histamina. Es posible que la acci\u00f3n antidiscin\u00e9sica este relacionada con la inhibici\u00f3n central de las acciones de la acetilcolina, mediadas por receptores muscar\u00ednicos y con sus efectos sedantes.<br \/>\nLa difenhidramina se absorbe por v\u00eda oral y parenteral. Su uni\u00f3n a prote\u00ednas plasm\u00e1ticas es de 98% a 99%. Se metaboliza en h\u00edgado y una peque\u00f1a cantidad se excreta, sin modificar, por orina. El comienzo de acci\u00f3n por v\u00eda oral aparece entre los 15 y 60 minutos; su vida media es de 1 a 4 horas y la duraci\u00f3n de su acci\u00f3n es de 6 a 8 horas<br \/>\nPresenta una gran actividad antimuscar\u00ednica.<\/p>\n<p><strong><span class=\"Apple-style-span\">CONTRAINDICACIONES:<br \/>\n<\/span><\/strong><br \/>\nHipersensibilidad conocida a la Difenhidramina o a cualquier otro componente de la f\u00f3rmula de este medicamento.<br \/>\nEste medicamento est\u00e1 contraindicado en:<br \/>\n\u2022 Embarazo: no se han desarrollado estudios controlados durante los primeros meses del embarazo, pero el uso de Seudoefedrina en el periodo final del embarazo o durante el parto, puede ocasionar anorexia y bradicardia fetal.<br \/>\n\u2022 Lactancia: este medicamento est\u00e1 contraindicado en mujeres que est\u00e9n amamantando.<br \/>\n\u2022 Prematuros y Reci\u00e9n Nacidos: este medicamento est\u00e1 contraindicado en estos pacientes.<br \/>\nLos antihistam\u00ednicos en general est\u00e1n contraindicados en:<br \/>\n\u2022 Pacientes que est\u00e9n recibiendo drogas del tipo IMAO.<br \/>\n\u2022 Pacientes con glaucoma de \u00e1ngulo estrecho.<br \/>\n\u2022 Pacientes con hipertrofia prost\u00e1tica.<br \/>\n\u2022 Pacientes con \u00falcera p\u00e9ptica estenosonante.<br \/>\n\u2022 Pacientes con obstrucci\u00f3n piloroduodenal o del cuello vesical.<\/p>\n<p><span class=\"Apple-style-span\"><strong>ADVERTENCIAS:<\/strong><br \/>\n<\/span><br \/>\nDebido a que los antihistam\u00ednicos pueden producir somnolencia, se deber\u00e1 evitar el uso de equipos peligrosos y\/o conducir automotores.<br \/>\nSe deber\u00e1 evitar realizar tareas que demanden precisi\u00f3n.<\/p>\n<p><span class=\"Apple-style-span\"><strong>PRECAUCIONES:<\/strong><br \/>\n<\/span><br \/>\nEmpleo en embarazo: no se han desarrollado estudios controlados en mujeres embarazadas, aunque en animales no se evidenciaron riesgos (embarazo categor\u00eda B).<br \/>\nEmpleo en la lactancia: este medicamento est\u00e1 contraindicado en mujeres que est\u00e9n amamantando.<br \/>\nEmpleo en pacientes prematuros y reci\u00e9n nacidos: este medicamento est\u00e1 contraindicado en esta clase de pacientes.<br \/>\nEmpleo en ancianos: los antihistam\u00ednicos pueden producir con frecuencia v\u00e9rtigo, sedaci\u00f3n e hipotensi\u00f3n.<\/p>\n<p><span class=\"Apple-style-span\"><strong>REACCIONES ADVERSAS:<\/strong><br \/>\n<\/span><br \/>\nEn pacientes sensibles pueden observarse reacciones tales como: sedaci\u00f3n, somnolencia, v\u00e9rtigo, alteraci\u00f3n de la coordinaci\u00f3n, malestar epig\u00e1strico, espesamiento de las secreciones bronquiales.\u00a0 En raras ocasiones pueden observarse reacciones tales como: sequedad de boca, nariz y\/o garganta, escalofr\u00edos, hipotensi\u00f3n, cefaleas, taquicardia, n\u00e1useas, anorexia, constipaci\u00f3n, diarrea, fatiga, excitaci\u00f3n, insomnio, visi\u00f3n borrosa, polaquiuria, retenci\u00f3n urinaria.<\/p>\n<p><strong><span class=\"Apple-style-span\">INTERACCIONES MEDICAMENTOSAS:<br \/>\n<\/span><\/strong><br \/>\nLos antihistam\u00ednicos producen potenciaci\u00f3n de depresi\u00f3n del SNC con el uso simult\u00e1neo de benzodiazepinas, barbit\u00faricos y\/o consumo de alcohol.<\/p>\n<p><span class=\"Apple-style-span\"><strong>SOBREDOSIS:<\/strong><br \/>\n<\/span><br \/>\nLas reacciones por sobredosis pueden variar de depresi\u00f3n a estimulaci\u00f3n del SNC. La estimulaci\u00f3n es particularmente frecuente en pacientes pedi\u00e1tricos. Los s\u00edntomas que pueden observarse son: sequedad de boca, pupilas fijas y dilatadas, sudor y s\u00edntomas gastrointestinales.<br \/>\nSi no se produce el v\u00f3mito en forma espont\u00e1nea, tratar de provocarlo. De no lograrlo, est\u00e1 indicado el lavado g\u00e1strico con soluci\u00f3n salina isot\u00f3nica dentro de las 3 (tres) horas de la ingesti\u00f3n. Puede utilizarse cat\u00e1rticos salinos como la leche de magnesia, para vaciar el intestino y vasopresores para tratar la hipotensi\u00f3n.<br \/>\nNo deben utilizarse estimulantes.<br \/>\nEn caso de sobredosis accidental, de inmediato se debe contactar al m\u00e9dico o recurrir al hospital m\u00e1s cercano.<\/p>\n<p><span class=\"Apple-style-span\"><strong>CONDICIONES DE CONSERVACION:<br \/>\n<\/strong><br \/>\n<\/span><span class=\"Apple-style-span\">Temperatura ambiente (entre 15 y 30 \u00b0C), protegido de la luz. Conservar en su envase original.\u00a0<\/span><\/p>\n<p><strong><span class=\"Apple-style-span\">PRESENTACIONES<br \/>\n<\/span><\/strong><br \/>\nEnvases conteniendo 1,25 y Ampollas de 10 ml<br \/>\nEnvases conteniendo 100 Ampollas de 1 ml<\/p>\n","protected":false},"excerpt":{"rendered":"<p>&nbsp; Soluci\u00f3n Inyectable I.M., I.V.\u00a0 Difenhidramina 10 mg\/ml F\u00d3RMULA: Difenhidramina clorhidrato \u00a0\u00a0 \u00a0\u00a0\u00a0\u00a0 50.0 mg Agua p\/ uso inyectable c.s.p. \u00a0\u00a0 \u00a01.0 ml. ACCI\u00d3N TERAP\u00c9UTICA: Antihistam\u00ednico. Antial\u00e9rgico INDICACIONES: Este medicamento est\u00e1 indicado para el tratamiento de: \u2022 Conjuntivitis al\u00e9rgica \u2022 Manifestaciones al\u00e9rgicas de la piel (urticaria, angioedema) \u2022 Reacciones al\u00e9rgicas a la sangre o plasma&hellip; <br \/> <a class=\"read-more\" href=\"https:\/\/www.rixdal.com\/?page_id=62\">Leer m\u00e1s<\/a><\/p>\n","protected":false},"author":2,"featured_media":0,"parent":34,"menu_order":0,"comment_status":"closed","ping_status":"closed","template":"","meta":{"footnotes":""},"class_list":["post-62","page","type-page","status-publish","hentry"],"_links":{"self":[{"href":"https:\/\/www.rixdal.com\/index.php?rest_route=\/wp\/v2\/pages\/62","targetHints":{"allow":["GET"]}}],"collection":[{"href":"https:\/\/www.rixdal.com\/index.php?rest_route=\/wp\/v2\/pages"}],"about":[{"href":"https:\/\/www.rixdal.com\/index.php?rest_route=\/wp\/v2\/types\/page"}],"author":[{"embeddable":true,"href":"https:\/\/www.rixdal.com\/index.php?rest_route=\/wp\/v2\/users\/2"}],"replies":[{"embeddable":true,"href":"https:\/\/www.rixdal.com\/index.php?rest_route=%2Fwp%2Fv2%2Fcomments&post=62"}],"version-history":[{"count":3,"href":"https:\/\/www.rixdal.com\/index.php?rest_route=\/wp\/v2\/pages\/62\/revisions"}],"predecessor-version":[{"id":132,"href":"https:\/\/www.rixdal.com\/index.php?rest_route=\/wp\/v2\/pages\/62\/revisions\/132"}],"up":[{"embeddable":true,"href":"https:\/\/www.rixdal.com\/index.php?rest_route=\/wp\/v2\/pages\/34"}],"wp:attachment":[{"href":"https:\/\/www.rixdal.com\/index.php?rest_route=%2Fwp%2Fv2%2Fmedia&parent=62"}],"curies":[{"name":"wp","href":"https:\/\/api.w.org\/{rel}","templated":true}]}}