{"id":64,"date":"2023-12-11T18:45:54","date_gmt":"2023-12-11T18:45:54","guid":{"rendered":"https:\/\/www.rixdal.com\/?page_id=64"},"modified":"2023-12-11T23:19:55","modified_gmt":"2023-12-11T23:19:55","slug":"klonadryl-jarabe","status":"publish","type":"page","link":"https:\/\/www.rixdal.com\/?page_id=64","title":{"rendered":"KLONADRYL JARABE"},"content":{"rendered":"<p><img loading=\"lazy\" decoding=\"async\" class=\"size-medium wp-image-133 alignleft\" src=\"https:\/\/www.rixdal.com\/wp-content\/uploads\/2023\/12\/klonadryl-300x225.jpg\" alt=\"\" width=\"300\" height=\"225\" srcset=\"https:\/\/www.rixdal.com\/wp-content\/uploads\/2023\/12\/klonadryl-300x225.jpg 300w, https:\/\/www.rixdal.com\/wp-content\/uploads\/2023\/12\/klonadryl.jpg 323w\" sizes=\"auto, (max-width: 300px) 100vw, 300px\" \/><\/p>\n<p>Klonadryl\u00a0 jarabe<br \/>\nSoluci\u00f3n (Jarabe)<br \/>\nControl M\u00e9dico Recomendado<br \/>\nIndustria Argentina<\/p>\n<p>&nbsp;<\/p>\n<p>&nbsp;<\/p>\n<p>&nbsp;<\/p>\n<p>&nbsp;<\/p>\n<p><strong>FORMULA:<\/strong><\/p>\n<p>Cada 100 ml de jarabe contiene:<\/p>\n<p>DIFENHIDRAMINA CLORHIDRATO\u00a0 \u2026\u2026\u2026\u2026\u2026\u2026\u2026\u2026\u2026\u2026\u2026..\u00a0 250 mg<\/p>\n<p>\u00c1cido c\u00edtrico anhidro \u2026\u2026\u2026\u2026\u2026\u2026\u2026\u2026\u2026\u2026\u2026\u2026\u2026\u2026\u2026\u2026\u2026\u2026\u2026\u2026\u2026\u2026\u2026\u2026&#8230;..\u00a0\u00a0 400 mg<br \/>\nBenzoato de Sodio\u00a0\u00a0 \u2026\u2026\u2026\u2026\u2026\u2026\u2026\u2026\u2026\u2026\u2026\u2026\u2026\u2026\u2026\u2026\u2026\u2026\u2026\u2026\u2026\u2026\u2026\u2026\u2026.\u00a0\u00a0\u00a0 500 mg<br \/>\nCitrato de Sodio Dihidrato\u00a0 \u2026\u2026\u2026\u2026\u2026\u2026\u2026\u2026\u2026\u2026\u2026\u2026\u2026\u2026\u2026\u2026\u2026\u2026\u2026\u2026\u2026\u2026..\u00a0 \u00a0\u00a0661 mg<br \/>\nEsencia de Frutilla\u00a0 \u2026\u2026\u2026\u2026\u2026\u2026\u2026\u2026\u2026\u2026\u2026\u2026\u2026\u2026\u2026\u2026\u2026\u2026\u2026\u2026\u2026\u2026\u2026\u2026\u2026\u2026\u00a0\u00a0 0,24 ml<br \/>\nGlicerina\u00a0\u00a0 \u2026\u2026\u2026\u2026\u2026\u2026\u2026\u2026\u2026\u2026\u2026\u2026\u2026\u2026\u2026\u2026\u2026\u2026\u2026\u2026\u2026\u2026\u2026\u2026\u2026\u2026\u2026\u2026\u2026\u2026\u00a0\u00a0\u00a0\u00a0\u00a0 25 g<br \/>\nRojo Punz\u00f3 4R colorante \u2026\u2026\u2026\u2026\u2026\u2026\u2026\u2026\u2026\u2026\u2026\u2026\u2026\u2026\u2026\u2026\u2026\u2026\u2026\u2026\u2026\u2026\u2026.\u00a0\u00a0\u00a0\u00a0\u00a0\u00a0 4 mg<br \/>\nSacarina S\u00f3dica\u00a0 \u2026\u2026\u2026\u2026\u2026\u2026\u2026\u2026\u2026\u2026\u2026\u2026\u2026\u2026\u2026\u2026\u2026\u2026\u2026\u2026\u2026\u2026\u2026\u2026\u2026\u2026\u2026\u00a0\u00a0\u00a0\u00a0 60 mg<br \/>\nAgua Purificada\u00a0\u00a0 \u2026\u2026\u2026\u2026\u2026\u2026\u2026\u2026\u2026\u2026\u2026\u2026\u2026\u2026\u2026\u2026\u2026\u2026\u2026\u2026\u2026\u2026\u2026\u00a0\u00a0\u00a0\u00a0\u00a0 c.s.p.\u00a0\u00a0\u00a0 100 ml<\/p>\n<p>&nbsp;<\/p>\n<p><strong>\u00abLEA ATENTAMENTE LAS INSTRUCCIONES ANTES DE INGERIR ESTE MEDICAMENTO. <\/strong><br \/>\n<strong>SI LOS SINTOMAS PERSISTEN O ESTA TOMANDO OTROS MEDICAMENTOS, CONSULTE A SU MEDICO\u00bb<\/strong><\/p>\n<p>&nbsp;<\/p>\n<p><strong><span class=\"Apple-style-span\">ACCI\u00d3N TERAP\u00c9UTICA:<\/span><\/strong><\/p>\n<p>Antihistam\u00ednico. Antial\u00e9rgico<\/p>\n<p><strong><span class=\"Apple-style-span\">INDICACIONES:<\/span><\/strong><\/p>\n<p>Este medicamento est\u00e1 indicado para el tratamiento de:<\/p>\n<p>\u2022 Conjuntivitis al\u00e9rgica<\/p>\n<p>\u2022 Manifestaciones al\u00e9rgicas de la piel (urticaria, angioedema).<\/p>\n<p>\u2022 Reacciones al\u00e9rgicas a la sangre o plasma.<\/p>\n<p>\u2022 Dermografismo.<\/p>\n<p>\u2022 Cinetosis.<\/p>\n<p>\u2022 Parkinsonismo (inclusive el inducido por drogas).<\/p>\n<p><strong><span class=\"Apple-style-span\">POSOLOGIA Y MODO DE ADMINISTRACION:<\/span><\/strong><\/p>\n<p>Adultos: entre 10 a 20 ml\u00a0 del vaso dosificador, cada 6 u 8 horas, seg\u00fan criterio m\u00e9dico. La dosis m\u00e1xima es de 400 mg por d\u00eda.<br \/>\nNi\u00f1os: No debe utilizarse en reci\u00e9n nacidos o prematuros ni en ni\u00f1os menores de 2 a\u00f1os.<br \/>\nNi\u00f1os de 2 a 5 a\u00f1os: 5 ml del vaso dosificador cada 8 horas<br \/>\nNi\u00f1os de 6 a 12 a\u00f1os: 5 ml del vaso dosificador cada 6 horas<br \/>\nLa dosis m\u00e1xima es de 300 mg por d\u00eda<\/p>\n<p><strong><span class=\"Apple-style-span\">DESCRIPCI\u00d3N:<\/span><\/strong><\/p>\n<p>La Difenhidramina es un derivado de la etanolamina<\/p>\n<p><strong><span class=\"Apple-style-span\">FARMACOCIN\u00c9TICA:<\/span><\/strong><\/p>\n<p>La Difenhidramina compite con la histamina por los receptores H1, presentes en las c\u00e9lulas efectoras, evitando, sin revertir, las respuestas mediadas \u00fanicamente por la histamina. Es posible que la acci\u00f3n antidiscin\u00e9sica est\u00e9 relacionada con la inhibici\u00f3n central de las acciones de la acetilcolina, mediadas por receptores muscar\u00ednicos y con sus efectos sedantes.<\/p>\n<p>La Difenhidramina se absorbe por v\u00eda oral y parenteral. Su uni\u00f3n a prote\u00ednas plasm\u00e1ticas es de 98% a 99%. Se metaboliza en h\u00edgado y una peque\u00f1a cantidad se excreta, sin modificar, por orina. El comienzo de acci\u00f3n por v\u00eda oral aparece entre los 15 y 60 minutos; su vida media es de 1 a 4 horas y la duraci\u00f3n de su acci\u00f3n es de 6 a 8 horas<\/p>\n<p>Presenta una gran actividad antimuscar\u00ednica.<\/p>\n<p><strong><span class=\"Apple-style-span\">CONTRAINDICACIONES:<\/span><\/strong><\/p>\n<p>Hipersensibilidad conocida a la Difenhidramina o a cualquier otro componente de la f\u00f3rmula de este medicamento.<br \/>\nEste medicamento est\u00e1 contraindicado en:<\/p>\n<p>\u2022 Embarazo: no se han desarrollado estudios controlados durante los primeros meses de embarazo, pero el uso de Seudoefedrina en el periodo final del embarazo o durante el parto, puede ocasionar anorexia y bradicardia fetal.<br \/>\n\u2022 Lactancia: este medicamento est\u00e1 contraindicado en mujeres que est\u00e9n amamantando.<br \/>\n\u2022 Prematuros y Reci\u00e9n Nacidos: este medicamento est\u00e1 contraindicado en estos pacientes.<br \/>\nLos antihistam\u00ednicos en general est\u00e1n contraindicados en:<\/p>\n<p>\u2022 Pacientes que est\u00e9n recibiendo drogas del tipo IMAO.<\/p>\n<p>\u2022 Pacientes con glaucoma de \u00e1ngulo estrecho.<\/p>\n<p>\u2022 Pacientes con hipertrofia prost\u00e1tica.<\/p>\n<p>\u2022 Pacientes con \u00falcera p\u00e9ptica estenosante.<\/p>\n<p>\u2022 Pacientes con obstrucci\u00f3n piloroduodenal o del cuello vesical.<\/p>\n<p>\u2022 Personas con enfermedad hep\u00e1tica, alcoholismo, epilepsia.<\/p>\n<p><strong><span class=\"Apple-style-span\">ADVERTENCIAS:<\/span><\/strong><\/p>\n<p>Debido a que los antihistam\u00ednicos pueden producir somnolencia, se deber\u00e1 evitar el uso de equipos peligrosos y\/o conducir automotores.<br \/>\nSe deber\u00e1 evitar realizar tareas que demanden precisi\u00f3n.<\/p>\n<p><strong><span class=\"Apple-style-span\">PRECAUCIONES:<\/span><\/strong><\/p>\n<p>Empleo en embarazo: no se han desarrollado estudios controlados en mujeres embarazadas, aunque en animales no se evidenciaron riesgos (embarazo categor\u00eda B).<br \/>\nEmpleo en la lactancia: este medicamento est\u00e1 contraindicado en mujeres que est\u00e9n amamantando.<br \/>\nEmpleo en pacientes prematuros y reci\u00e9n nacidos: este medicamento est\u00e1 contraindicado en esta clase de pacientes.<br \/>\nEmpleo en ancianos: los antihistam\u00ednicos pueden producir con frecuencia v\u00e9rtigo, sedaci\u00f3n e hipotensi\u00f3n.<\/p>\n<p><strong><span class=\"Apple-style-span\">REACCIONES ADVERSAS:<\/span><\/strong><\/p>\n<p>En pacientes sensibles pueden observarse reacciones tales como: sedaci\u00f3n, somnolencia, v\u00e9rtigo, alteraci\u00f3n de la coordinaci\u00f3n, malestar epig\u00e1strico, espesamiento de las secreciones bronquiales. En raras ocasiones pueden observarse reacciones tales como: sequedad de boca, nariz y\/o garganta, escalofr\u00edos, hipotensi\u00f3n, cefaleas, taquicardia, n\u00e1useas, anorexia, constipaci\u00f3n, diarrea, fatiga, excitaci\u00f3n, insomnio, visi\u00f3n borrosa, polaquiuria, retenci\u00f3n urinaria.<\/p>\n<p><strong><span class=\"Apple-style-span\">INTERACCIONES MEDICAMENTOSAS:<\/span><\/strong><\/p>\n<p>Los antihistam\u00ednicos producen potenciaci\u00f3n de depresi\u00f3n del SNC con el uso simult\u00e1neo de benzodiacepinas, barbit\u00faricos y\/o consumo de alcohol.<\/p>\n<p><strong><span class=\"Apple-style-span\">SOBREDOSIS:<\/span><\/strong><\/p>\n<p>Las reacciones por sobredosis pueden variar de depresi\u00f3n a estimulaci\u00f3n del SNC. La estimulaci\u00f3n es particularmente frecuente en pacientes pedi\u00e1tricos. Los s\u00edntomas que pueden observarse son: sequedad de la boca, pupilas fijas y dilatadas, sudor y s\u00edntomas gastrointestinales.<\/p>\n<p>Si no se produce el v\u00f3mito en forma espont\u00e1nea, tratar de provocarlo. De no lograrlo, est\u00e1 indicado el lavado g\u00e1strico con soluci\u00f3n salina isot\u00f3nica dentro de las 3 (tres) horas de la ingesti\u00f3n. Puede utilizarse cat\u00e1rticos salinos como la leche de magnesia, para vaciar el intestino y vasopresores para tratar la hipotensi\u00f3n.<\/p>\n<p>No deben utilizarse estimulantes.<br \/>\nEn caso de sobredosis accidental, de inmediato se debe contactar al m\u00e9dico o recurrir al hospital m\u00e1s cercano.<\/p>\n<p><strong><span class=\"Apple-style-span\">PRESENTACIONES:<\/span><\/strong><\/p>\n<p>Envases con 1 y 96 frascos de 120 ml de jarabe m\u00e1s dosificador, siendo este \u00faltimo de uso hospitalario exclusivo.<\/p>\n<p><strong>ESTE MEDICAMENTO DEBE SER USADO EXCLUSIVAMENTE BAJO PRESCRIPCI\u00d3N Y VIGILANCIA M\u00c9DICA Y NO PUEDE REPETIRSE SIN NUEVA RECETA.<\/strong><\/p>\n<p>Especialidad Medicinal autorizada por el Ministerio de Salud de la Naci\u00f3n.<br \/>\nCertificado N\u00ba 49229<\/p>\n<p>Director T\u00e9cnico: Leonardo Iannello<br \/>\nFarmac\u00e9utico<\/p>\n","protected":false},"excerpt":{"rendered":"<p>Klonadryl\u00a0 jarabe Soluci\u00f3n (Jarabe) Control M\u00e9dico Recomendado Industria Argentina &nbsp; &nbsp; &nbsp; &nbsp; FORMULA: Cada 100 ml de jarabe contiene: DIFENHIDRAMINA CLORHIDRATO\u00a0 \u2026\u2026\u2026\u2026\u2026\u2026\u2026\u2026\u2026\u2026\u2026..\u00a0 250 mg \u00c1cido c\u00edtrico anhidro \u2026\u2026\u2026\u2026\u2026\u2026\u2026\u2026\u2026\u2026\u2026\u2026\u2026\u2026\u2026\u2026\u2026\u2026\u2026\u2026\u2026\u2026\u2026\u2026&#8230;..\u00a0\u00a0 400 mg Benzoato de Sodio\u00a0\u00a0 \u2026\u2026\u2026\u2026\u2026\u2026\u2026\u2026\u2026\u2026\u2026\u2026\u2026\u2026\u2026\u2026\u2026\u2026\u2026\u2026\u2026\u2026\u2026\u2026\u2026.\u00a0\u00a0\u00a0 500 mg Citrato de Sodio Dihidrato\u00a0 \u2026\u2026\u2026\u2026\u2026\u2026\u2026\u2026\u2026\u2026\u2026\u2026\u2026\u2026\u2026\u2026\u2026\u2026\u2026\u2026\u2026\u2026..\u00a0 \u00a0\u00a0661 mg Esencia de Frutilla\u00a0 \u2026\u2026\u2026\u2026\u2026\u2026\u2026\u2026\u2026\u2026\u2026\u2026\u2026\u2026\u2026\u2026\u2026\u2026\u2026\u2026\u2026\u2026\u2026\u2026\u2026\u2026\u00a0\u00a0 0,24 ml Glicerina\u00a0\u00a0 \u2026\u2026\u2026\u2026\u2026\u2026\u2026\u2026\u2026\u2026\u2026\u2026\u2026\u2026\u2026\u2026\u2026\u2026\u2026\u2026\u2026\u2026\u2026\u2026\u2026\u2026\u2026\u2026\u2026\u2026\u00a0\u00a0\u00a0\u00a0\u00a0 25 g Rojo&hellip; <br \/> <a class=\"read-more\" href=\"https:\/\/www.rixdal.com\/?page_id=64\">Leer m\u00e1s<\/a><\/p>\n","protected":false},"author":2,"featured_media":0,"parent":34,"menu_order":0,"comment_status":"closed","ping_status":"closed","template":"","meta":{"footnotes":""},"class_list":["post-64","page","type-page","status-publish","hentry"],"_links":{"self":[{"href":"https:\/\/www.rixdal.com\/index.php?rest_route=\/wp\/v2\/pages\/64","targetHints":{"allow":["GET"]}}],"collection":[{"href":"https:\/\/www.rixdal.com\/index.php?rest_route=\/wp\/v2\/pages"}],"about":[{"href":"https:\/\/www.rixdal.com\/index.php?rest_route=\/wp\/v2\/types\/page"}],"author":[{"embeddable":true,"href":"https:\/\/www.rixdal.com\/index.php?rest_route=\/wp\/v2\/users\/2"}],"replies":[{"embeddable":true,"href":"https:\/\/www.rixdal.com\/index.php?rest_route=%2Fwp%2Fv2%2Fcomments&post=64"}],"version-history":[{"count":5,"href":"https:\/\/www.rixdal.com\/index.php?rest_route=\/wp\/v2\/pages\/64\/revisions"}],"predecessor-version":[{"id":137,"href":"https:\/\/www.rixdal.com\/index.php?rest_route=\/wp\/v2\/pages\/64\/revisions\/137"}],"up":[{"embeddable":true,"href":"https:\/\/www.rixdal.com\/index.php?rest_route=\/wp\/v2\/pages\/34"}],"wp:attachment":[{"href":"https:\/\/www.rixdal.com\/index.php?rest_route=%2Fwp%2Fv2%2Fmedia&parent=64"}],"curies":[{"name":"wp","href":"https:\/\/api.w.org\/{rel}","templated":true}]}}