{"id":72,"date":"2023-12-11T18:47:16","date_gmt":"2023-12-11T18:47:16","guid":{"rendered":"https:\/\/www.rixdal.com\/?page_id=72"},"modified":"2023-12-11T23:52:18","modified_gmt":"2023-12-11T23:52:18","slug":"colostina","status":"publish","type":"page","link":"https:\/\/www.rixdal.com\/?page_id=72","title":{"rendered":"COLISTINA"},"content":{"rendered":"<p><img loading=\"lazy\" decoding=\"async\" class=\"size-full wp-image-150 alignleft\" src=\"https:\/\/www.rixdal.com\/wp-content\/uploads\/2023\/12\/colistina_caja.jpg\" alt=\"\" width=\"301\" height=\"163\" \/><\/p>\n<p><strong><br \/>\nMETAN SULFONATO DE COLISTINA<br \/>\n\u00abUNA ANTIGUA HERRAMIENTA COMO SOLUCI\u00d3N A NUEVAS RESISTENCIAS\u00bb<\/strong><\/p>\n<p>&nbsp;<\/p>\n<p>&nbsp;<\/p>\n<p>&nbsp;<\/p>\n<p>La aparici\u00f3n de resistencias hacia los nuevos antibi\u00f3ticos utilizados en la d\u00e9cada del 90 ha revitalizado el uso del metansulfonato de colistina inyectable como una soluci\u00f3n conocida y efectiva contra las infecciones por Gram. Negativos.<\/p>\n<p>La reciente aprobaci\u00f3n de la ADMINISTRACION INHALATORIA\u00a0 de COLISTINA PERMATEC ha abierto una nueva v\u00eda de ataque a infecciones pulmonares por PSEUDOMONA\u00a0 AERUGINOSA\u00a0 (FIBROSIS QUISTICA), ACETINOBACTER SPP y neumon\u00eda por STENOTROPHOMONA MALTOPHILIA<br \/>\nAsegurando mayor efectividad local y menores efectos secundarios.<\/p>\n<p>El empaque de COLISTINA PERMATEC brinda al profesional medico una forma segura de identificaci\u00f3n y administraci\u00f3n del inyectable.<\/p>\n<p><strong>DOSIFICACION Y MODO DE ADMINISTRACION:<br \/>\n<\/strong><br \/>\n<strong>Reconstituci\u00f3n:<\/strong>\u00a0El solvente de la ampolla de 2 ml debe incorporarse al contenido del frasco ampolla de COLISTINA PERMATEC. Agitar suavemente para evitar la formaci\u00f3n de espuma hasta completar la disoluci\u00f3n. Las drogas parenterales deben ser inspeccionadas visualmente antes de su administraci\u00f3n y no utilizar si se observan part\u00edculas o decoloraci\u00f3n.<br \/>\nPacientes adultos y pedi\u00e1tricos:<\/p>\n<p><strong>Administraci\u00f3n Intramuscular o IV:<br \/>\n<\/strong><br \/>\nLa dosis diaria en individuos con funci\u00f3n renal normal es de 2.5-5 mg\/kg\/d\u00eda, seg\u00fan la severidad de la infecci\u00f3n. La dosis diaria de COLISTINA PERMATEC debe ser dividida en 2 a 4 administraciones cada 12, 8 \u00f3 6 horas.<br \/>\nEn individuos obesos, la dosis debe estar basada en el peso corporal ideal.<br \/>\nLa dosis diaria debe ajustarse en individuos con insuficiencia renal (Ver Ajuste de dosis en pacientes con insuficiencia renal).<\/p>\n<p><strong>Administraci\u00f3n IV:<br \/>\n<\/strong><br \/>\n<strong>Administraci\u00f3n directa:<\/strong>\u00a0Administrar la mitad de la dosis total diaria cada 12 horas en inyecci\u00f3n lenta (durante 3-5 minutos).<br \/>\nInfusi\u00f3n continua: Administrar la mitad de la dosis total diaria en inyecci\u00f3n lenta (durante 3-5 minutos). Luego agregar el remanente de la dosis total diaria de COLISTINA PERMATEC en cualquiera de las siguientes soluciones parenterales: Cloruro de sodio 0.9%, Dextrosa 5% en Cloruro de sodio 0.9%, Dextrosa 5% en agua, Dextrosa 5% en Cloruro de sodio 0.45%, Dextrosa 5% en Cloruro de sodio 0.225%, Soluci\u00f3n Ringer lactato, Soluci\u00f3n de az\u00facar invertida al 10%. Administrar la segunda mitad de la dosis, diluida en alguna de las soluciones para infusi\u00f3n antes descriptas, por infusi\u00f3n intravenosa lenta, durante 22-23 horas, comenzando 1-2 horas despu\u00e9s de la dosis inicial. En pacientes con insuficiencia renal reducir la velocidad de<br \/>\ninfusi\u00f3n en relaci\u00f3n con el grado de insuficiencia.<br \/>\nNo hay datos suficientes para recomendar el uso de COLISTINA PERMATEC con otras drogas u otras soluciones para infusi\u00f3n adem\u00e1s de las ya descriptas.<br \/>\nLa elecci\u00f3n de la soluci\u00f3n para infusi\u00f3n y el volumen de la misma estar\u00e1 determinado por el requerimiento de fluidos y el manejo electrol\u00edtico.<br \/>\nCualquiera de las soluciones para infusi\u00f3n de COLISTINA PERMATEC debe ser preparada en el momento de la administraci\u00f3n y debe utilizarse dentro de las 24 horas.<\/p>\n<p><strong>Administraci\u00f3n inhalatoria:<\/strong>\u00a0para el tratamiento local de infecciones del tracto respiratorioinferior COLISTINA PERMATEC polvo se disuelve en 2 a 4 ml de agua para inyectables o soluci\u00f3n fisiol\u00f3gica est\u00e9ril y se vierte en el reservorio del nebulizador. La soluci\u00f3n ser\u00e1 ligeramente turbia y puede formar espuma si se agita. Usualmente nebulizadores con pipeta jet o ultras\u00f3nicos son los preferidos para nebulizar antibi\u00f3ticos.<br \/>\nEstos producir\u00edan una mayor\u00eda de part\u00edculas respirables cuyo di\u00e1metro estar\u00eda en un rango de 0.5-5.0 micrones al usarlo con un compresor adecuado. La salida del nebulizador puede ser venteada al aire directamente o a trav\u00e9s de un filtro. La nebulizaci\u00f3n debe hacerse en un lugar bien ventilado.<\/p>\n<p>La soluci\u00f3n reconstituida es de uso simple y cualquier remanente de soluci\u00f3n debe ser descartada.<br \/>\nLas siguientes dosis son solo una recomendaci\u00f3n que debe ajustarse a las respuestas cl\u00ednicas.<br \/>\nNi\u00f1os menores de 2 a\u00f1os: 50 a 75 mg al d\u00eda en 2 veces.<br \/>\nNi\u00f1os mayores de 2 a\u00f1os y adultos: 75 a 150 mg al d\u00eda en 2 veces.<\/p>\n","protected":false},"excerpt":{"rendered":"<p>METAN SULFONATO DE COLISTINA \u00abUNA ANTIGUA HERRAMIENTA COMO SOLUCI\u00d3N A NUEVAS RESISTENCIAS\u00bb &nbsp; &nbsp; &nbsp; La aparici\u00f3n de resistencias hacia los nuevos antibi\u00f3ticos utilizados en la d\u00e9cada del 90 ha revitalizado el uso del metansulfonato de colistina inyectable como una soluci\u00f3n conocida y efectiva contra las infecciones por Gram. Negativos. La reciente aprobaci\u00f3n de la&hellip; <br \/> <a class=\"read-more\" href=\"https:\/\/www.rixdal.com\/?page_id=72\">Leer m\u00e1s<\/a><\/p>\n","protected":false},"author":2,"featured_media":0,"parent":36,"menu_order":0,"comment_status":"closed","ping_status":"closed","template":"","meta":{"footnotes":""},"class_list":["post-72","page","type-page","status-publish","hentry"],"_links":{"self":[{"href":"https:\/\/www.rixdal.com\/index.php?rest_route=\/wp\/v2\/pages\/72","targetHints":{"allow":["GET"]}}],"collection":[{"href":"https:\/\/www.rixdal.com\/index.php?rest_route=\/wp\/v2\/pages"}],"about":[{"href":"https:\/\/www.rixdal.com\/index.php?rest_route=\/wp\/v2\/types\/page"}],"author":[{"embeddable":true,"href":"https:\/\/www.rixdal.com\/index.php?rest_route=\/wp\/v2\/users\/2"}],"replies":[{"embeddable":true,"href":"https:\/\/www.rixdal.com\/index.php?rest_route=%2Fwp%2Fv2%2Fcomments&post=72"}],"version-history":[{"count":6,"href":"https:\/\/www.rixdal.com\/index.php?rest_route=\/wp\/v2\/pages\/72\/revisions"}],"predecessor-version":[{"id":154,"href":"https:\/\/www.rixdal.com\/index.php?rest_route=\/wp\/v2\/pages\/72\/revisions\/154"}],"up":[{"embeddable":true,"href":"https:\/\/www.rixdal.com\/index.php?rest_route=\/wp\/v2\/pages\/36"}],"wp:attachment":[{"href":"https:\/\/www.rixdal.com\/index.php?rest_route=%2Fwp%2Fv2%2Fmedia&parent=72"}],"curies":[{"name":"wp","href":"https:\/\/api.w.org\/{rel}","templated":true}]}}